{"id":2614,"date":"2024-04-04T11:10:17","date_gmt":"2024-04-04T09:10:17","guid":{"rendered":"https:\/\/www.vinosiberian.com\/producto\/jaros-roble-2021\/"},"modified":"2025-08-21T15:59:46","modified_gmt":"2025-08-21T13:59:46","slug":"jaros-roble-2022","status":"publish","type":"product","link":"https:\/\/www.vinosiberian.com\/en\/producto\/jaros-roble-2022\/","title":{"rendered":"Jaros Oak 2023"},"content":{"rendered":"<p>Wine produced in our El Qui\u00f1\u00f3n estate. The vineyards are located in the lower part, protected by a hill to the north and facing the Douro River to the south. The 2020 vintage is characterized by mild and dry winter and spring months that favor good bud break. Jaros is considered our &#8220;estate wine&#8221;, grown in the perfect soil, environment and climate to obtain a wine with a unique terroir identity, freshness, elegance and great cellaring capacity. Jaros Roble single varietal Tinto Fino \/ Tempranillo. Fermentation is carried out in stainless steel tanks with a 17-day maceration with the skins. Aged for a minimum of 4 months in French and American oak barrels, with an aging capacity of 5 years. This variety of Tinto Fino has fruity notes, jovial in the mouth, with soft toasted notes and sweet tannins from its time in oak barrels, leaving a fresh and pleasant taste in the mouth.<\/p>\n<div class=\"container-boton-ficha\"><a class=\"boton-ficha-pdf\" href=\"https:\/\/www.vinosiberian.com\/wp-content\/uploads\/2024\/01\/jaros-roble-22-ES.pdf\" target=\"_blank\" rel=\"noreferrer noopener\">DOWNLOAD DATA SHEET<\/a><\/div>\n","protected":false},"excerpt":{"rendered":"<table width=\"500\">\n<tbody>\n<tr>\n<td width=\"250\">Winery<\/td>\n<td width=\"250\"><b>Vi\u00f1as del Jaro<\/b><\/td>\n<\/tr>\n<tr>\n<td width=\"250\">Varieties<\/td>\n<td width=\"250\"><b>100% Tinto Fino <\/b><b>(Tempranillo)<\/b><\/td>\n<\/tr>\n<tr>\n<td width=\"250\">Pesquera del Duero<\/td>\n<td width=\"250\"><strong>D.O. Ribera del Duero<\/strong><\/td>\n<\/tr>\n<tr>\n<td width=\"250\">Alcohol<\/td>\n<td width=\"250\"><b>14,5\u00ba<\/b><\/td>\n<\/tr>\n<tr>\n<td width=\"250\">Aging<\/td>\n<td width=\"250\"><strong>Aged for a minimum of 4 months in 300-liter French and American oak barrels.<\/strong><\/td>\n<\/tr>\n<tr>\n<td width=\"250\">Fermentation and Maceration<\/td>\n<td width=\"250\"><strong>17 days on skins<\/strong><\/td>\n<\/tr>\n<tr>\n<td width=\"250\">\n<p class=\"p1\">Allergens<\/p>\n<p>Volume<\/td>\n<td width=\"250\">\n<p class=\"p1\"><strong>Contains sulfites and ovalbumin.<\/strong><\/p>\n<p><strong>750 ml.<\/strong><\/td>\n<\/tr>\n<\/tbody>\n<\/table>\n","protected":false},"featured_media":9694,"template":"","meta":{"_acf_changed":false},"product_brand":[],"product_cat":[74],"product_tag":[],"class_list":{"0":"post-2614","1":"product","2":"type-product","3":"status-publish","4":"has-post-thumbnail","6":"product_cat-ribera-del-duero-en","8":"first","9":"instock","10":"featured","11":"shipping-taxable","12":"purchasable","13":"product-type-simple"},"acf":[],"yoast_head":"<!-- This site is optimized with the Yoast SEO plugin v27.4 - https:\/\/yoast.com\/product\/yoast-seo-wordpress\/ -->\n<title>Jaros Oak 2023 - Vinos Iberian<\/title>\n<meta name=\"robots\" content=\"index, follow, max-snippet:-1, max-image-preview:large, max-video-preview:-1\" \/>\n<link rel=\"canonical\" href=\"https:\/\/www.vinosiberian.com\/en\/producto\/jaros-roble-2022\/\" \/>\n<meta property=\"og:locale\" content=\"en_US\" \/>\n<meta property=\"og:type\" content=\"article\" \/>\n<meta property=\"og:title\" content=\"Jaros Oak 2023 - Vinos Iberian\" \/>\n<meta property=\"og:description\" content=\"Winery Vi\u00f1as del Jaro  Varieties 100% Tinto Fino (Tempranillo)  Pesquera del Duero D.O. Ribera del Duero  Alcohol 14,5\u00ba  Aging Aged for a minimum of 4 months in 300-liter French and American oak barrels.  Fermentation and Maceration 17 days on skins  Allergens Volume Contains sulfites and ovalbumin. 750 ml.\" \/>\n<meta property=\"og:url\" content=\"https:\/\/www.vinosiberian.com\/en\/producto\/jaros-roble-2022\/\" \/>\n<meta property=\"og:site_name\" content=\"Vinos Iberian\" \/>\n<meta property=\"article:modified_time\" content=\"2025-08-21T13:59:46+00:00\" \/>\n<meta property=\"og:image\" content=\"https:\/\/www.vinosiberian.com\/wp-content\/uploads\/2024\/04\/JAROS-ROBLE-2023.png\" \/>\n\t<meta property=\"og:image:width\" content=\"1200\" \/>\n\t<meta property=\"og:image:height\" content=\"1200\" \/>\n\t<meta property=\"og:image:type\" content=\"image\/png\" \/>\n<meta name=\"twitter:card\" content=\"summary_large_image\" \/>\n<meta name=\"twitter:label1\" content=\"Est. reading time\" \/>\n\t<meta name=\"twitter:data1\" content=\"2 minutes\" \/>\n<script type=\"application\/ld+json\" class=\"yoast-schema-graph\">{\"@context\":\"https:\\\/\\\/schema.org\",\"@graph\":[{\"@type\":\"WebPage\",\"@id\":\"https:\\\/\\\/www.vinosiberian.com\\\/en\\\/producto\\\/jaros-roble-2022\\\/\",\"url\":\"https:\\\/\\\/www.vinosiberian.com\\\/en\\\/producto\\\/jaros-roble-2022\\\/\",\"name\":\"Jaros Oak 2023 - Vinos Iberian\",\"isPartOf\":{\"@id\":\"https:\\\/\\\/www.vinosiberian.com\\\/en\\\/#website\"},\"primaryImageOfPage\":{\"@id\":\"https:\\\/\\\/www.vinosiberian.com\\\/en\\\/producto\\\/jaros-roble-2022\\\/#primaryimage\"},\"image\":{\"@id\":\"https:\\\/\\\/www.vinosiberian.com\\\/en\\\/producto\\\/jaros-roble-2022\\\/#primaryimage\"},\"thumbnailUrl\":\"https:\\\/\\\/www.vinosiberian.com\\\/wp-content\\\/uploads\\\/2024\\\/04\\\/JAROS-ROBLE-2024.png\",\"datePublished\":\"2024-04-04T09:10:17+00:00\",\"dateModified\":\"2025-08-21T13:59:46+00:00\",\"breadcrumb\":{\"@id\":\"https:\\\/\\\/www.vinosiberian.com\\\/en\\\/producto\\\/jaros-roble-2022\\\/#breadcrumb\"},\"inLanguage\":\"en-US\",\"potentialAction\":[{\"@type\":\"ReadAction\",\"target\":[\"https:\\\/\\\/www.vinosiberian.com\\\/en\\\/producto\\\/jaros-roble-2022\\\/\"]}]},{\"@type\":\"ImageObject\",\"inLanguage\":\"en-US\",\"@id\":\"https:\\\/\\\/www.vinosiberian.com\\\/en\\\/producto\\\/jaros-roble-2022\\\/#primaryimage\",\"url\":\"https:\\\/\\\/www.vinosiberian.com\\\/wp-content\\\/uploads\\\/2024\\\/04\\\/JAROS-ROBLE-2024.png\",\"contentUrl\":\"https:\\\/\\\/www.vinosiberian.com\\\/wp-content\\\/uploads\\\/2024\\\/04\\\/JAROS-ROBLE-2024.png\",\"width\":1200,\"height\":1200},{\"@type\":\"BreadcrumbList\",\"@id\":\"https:\\\/\\\/www.vinosiberian.com\\\/en\\\/producto\\\/jaros-roble-2022\\\/#breadcrumb\",\"itemListElement\":[{\"@type\":\"ListItem\",\"position\":1,\"name\":\"Inicio\",\"item\":\"https:\\\/\\\/www.vinosiberian.com\\\/en\\\/\"},{\"@type\":\"ListItem\",\"position\":2,\"name\":\"Store\",\"item\":\"https:\\\/\\\/www.vinosiberian.com\\\/en\\\/shop\\\/\"},{\"@type\":\"ListItem\",\"position\":3,\"name\":\"Ribera del Duero\",\"item\":\"https:\\\/\\\/www.vinosiberian.com\\\/en\\\/categoria-producto\\\/ribera-del-duero-en\\\/\"},{\"@type\":\"ListItem\",\"position\":4,\"name\":\"Jaros Oak 2023\"}]},{\"@type\":\"WebSite\",\"@id\":\"https:\\\/\\\/www.vinosiberian.com\\\/en\\\/#website\",\"url\":\"https:\\\/\\\/www.vinosiberian.com\\\/en\\\/\",\"name\":\"Vinos Iberian\",\"description\":\"Tienda de vinos de la Compa\u00f1\u00eda de Vi\u00f1edos Iberian\",\"publisher\":{\"@id\":\"https:\\\/\\\/www.vinosiberian.com\\\/en\\\/#organization\"},\"potentialAction\":[{\"@type\":\"SearchAction\",\"target\":{\"@type\":\"EntryPoint\",\"urlTemplate\":\"https:\\\/\\\/www.vinosiberian.com\\\/en\\\/?s={search_term_string}\"},\"query-input\":{\"@type\":\"PropertyValueSpecification\",\"valueRequired\":true,\"valueName\":\"search_term_string\"}}],\"inLanguage\":\"en-US\"},{\"@type\":\"Organization\",\"@id\":\"https:\\\/\\\/www.vinosiberian.com\\\/en\\\/#organization\",\"name\":\"Vinos Iberian\",\"url\":\"https:\\\/\\\/www.vinosiberian.com\\\/en\\\/\",\"logo\":{\"@type\":\"ImageObject\",\"inLanguage\":\"en-US\",\"@id\":\"https:\\\/\\\/www.vinosiberian.com\\\/en\\\/#\\\/schema\\\/logo\\\/image\\\/\",\"url\":\"https:\\\/\\\/www.vinosiberian.com\\\/wp-content\\\/uploads\\\/2022\\\/10\\\/Horiz-IBERIAN.svg\",\"contentUrl\":\"https:\\\/\\\/www.vinosiberian.com\\\/wp-content\\\/uploads\\\/2022\\\/10\\\/Horiz-IBERIAN.svg\",\"width\":690,\"height\":208,\"caption\":\"Vinos Iberian\"},\"image\":{\"@id\":\"https:\\\/\\\/www.vinosiberian.com\\\/en\\\/#\\\/schema\\\/logo\\\/image\\\/\"}}]}<\/script>\n<!-- \/ Yoast SEO plugin. -->","yoast_head_json":{"title":"Jaros Oak 2023 - Vinos Iberian","robots":{"index":"index","follow":"follow","max-snippet":"max-snippet:-1","max-image-preview":"max-image-preview:large","max-video-preview":"max-video-preview:-1"},"canonical":"https:\/\/www.vinosiberian.com\/en\/producto\/jaros-roble-2022\/","og_locale":"en_US","og_type":"article","og_title":"Jaros Oak 2023 - Vinos Iberian","og_description":"Winery Vi\u00f1as del Jaro  Varieties 100% Tinto Fino (Tempranillo)  Pesquera del Duero D.O. Ribera del Duero  Alcohol 14,5\u00ba  Aging Aged for a minimum of 4 months in 300-liter French and American oak barrels.  Fermentation and Maceration 17 days on skins  Allergens Volume Contains sulfites and ovalbumin. 750 ml.","og_url":"https:\/\/www.vinosiberian.com\/en\/producto\/jaros-roble-2022\/","og_site_name":"Vinos Iberian","article_modified_time":"2025-08-21T13:59:46+00:00","og_image":[{"width":1200,"height":1200,"url":"https:\/\/www.vinosiberian.com\/wp-content\/uploads\/2024\/04\/JAROS-ROBLE-2023.png","type":"image\/png"}],"twitter_card":"summary_large_image","twitter_misc":{"Est. reading time":"2 minutes"},"schema":{"@context":"https:\/\/schema.org","@graph":[{"@type":"WebPage","@id":"https:\/\/www.vinosiberian.com\/en\/producto\/jaros-roble-2022\/","url":"https:\/\/www.vinosiberian.com\/en\/producto\/jaros-roble-2022\/","name":"Jaros Oak 2023 - Vinos Iberian","isPartOf":{"@id":"https:\/\/www.vinosiberian.com\/en\/#website"},"primaryImageOfPage":{"@id":"https:\/\/www.vinosiberian.com\/en\/producto\/jaros-roble-2022\/#primaryimage"},"image":{"@id":"https:\/\/www.vinosiberian.com\/en\/producto\/jaros-roble-2022\/#primaryimage"},"thumbnailUrl":"https:\/\/www.vinosiberian.com\/wp-content\/uploads\/2024\/04\/JAROS-ROBLE-2024.png","datePublished":"2024-04-04T09:10:17+00:00","dateModified":"2025-08-21T13:59:46+00:00","breadcrumb":{"@id":"https:\/\/www.vinosiberian.com\/en\/producto\/jaros-roble-2022\/#breadcrumb"},"inLanguage":"en-US","potentialAction":[{"@type":"ReadAction","target":["https:\/\/www.vinosiberian.com\/en\/producto\/jaros-roble-2022\/"]}]},{"@type":"ImageObject","inLanguage":"en-US","@id":"https:\/\/www.vinosiberian.com\/en\/producto\/jaros-roble-2022\/#primaryimage","url":"https:\/\/www.vinosiberian.com\/wp-content\/uploads\/2024\/04\/JAROS-ROBLE-2024.png","contentUrl":"https:\/\/www.vinosiberian.com\/wp-content\/uploads\/2024\/04\/JAROS-ROBLE-2024.png","width":1200,"height":1200},{"@type":"BreadcrumbList","@id":"https:\/\/www.vinosiberian.com\/en\/producto\/jaros-roble-2022\/#breadcrumb","itemListElement":[{"@type":"ListItem","position":1,"name":"Inicio","item":"https:\/\/www.vinosiberian.com\/en\/"},{"@type":"ListItem","position":2,"name":"Store","item":"https:\/\/www.vinosiberian.com\/en\/shop\/"},{"@type":"ListItem","position":3,"name":"Ribera del Duero","item":"https:\/\/www.vinosiberian.com\/en\/categoria-producto\/ribera-del-duero-en\/"},{"@type":"ListItem","position":4,"name":"Jaros Oak 2023"}]},{"@type":"WebSite","@id":"https:\/\/www.vinosiberian.com\/en\/#website","url":"https:\/\/www.vinosiberian.com\/en\/","name":"Vinos Iberian","description":"Tienda de vinos de la Compa\u00f1\u00eda de Vi\u00f1edos Iberian","publisher":{"@id":"https:\/\/www.vinosiberian.com\/en\/#organization"},"potentialAction":[{"@type":"SearchAction","target":{"@type":"EntryPoint","urlTemplate":"https:\/\/www.vinosiberian.com\/en\/?s={search_term_string}"},"query-input":{"@type":"PropertyValueSpecification","valueRequired":true,"valueName":"search_term_string"}}],"inLanguage":"en-US"},{"@type":"Organization","@id":"https:\/\/www.vinosiberian.com\/en\/#organization","name":"Vinos Iberian","url":"https:\/\/www.vinosiberian.com\/en\/","logo":{"@type":"ImageObject","inLanguage":"en-US","@id":"https:\/\/www.vinosiberian.com\/en\/#\/schema\/logo\/image\/","url":"https:\/\/www.vinosiberian.com\/wp-content\/uploads\/2022\/10\/Horiz-IBERIAN.svg","contentUrl":"https:\/\/www.vinosiberian.com\/wp-content\/uploads\/2022\/10\/Horiz-IBERIAN.svg","width":690,"height":208,"caption":"Vinos Iberian"},"image":{"@id":"https:\/\/www.vinosiberian.com\/en\/#\/schema\/logo\/image\/"}}]}},"_links":{"self":[{"href":"https:\/\/www.vinosiberian.com\/en\/wp-json\/wp\/v2\/product\/2614","targetHints":{"allow":["GET"]}}],"collection":[{"href":"https:\/\/www.vinosiberian.com\/en\/wp-json\/wp\/v2\/product"}],"about":[{"href":"https:\/\/www.vinosiberian.com\/en\/wp-json\/wp\/v2\/types\/product"}],"version-history":[{"count":1,"href":"https:\/\/www.vinosiberian.com\/en\/wp-json\/wp\/v2\/product\/2614\/revisions"}],"predecessor-version":[{"id":9338,"href":"https:\/\/www.vinosiberian.com\/en\/wp-json\/wp\/v2\/product\/2614\/revisions\/9338"}],"wp:featuredmedia":[{"embeddable":true,"href":"https:\/\/www.vinosiberian.com\/en\/wp-json\/wp\/v2\/media\/9694"}],"wp:attachment":[{"href":"https:\/\/www.vinosiberian.com\/en\/wp-json\/wp\/v2\/media?parent=2614"}],"wp:term":[{"taxonomy":"product_brand","embeddable":true,"href":"https:\/\/www.vinosiberian.com\/en\/wp-json\/wp\/v2\/product_brand?post=2614"},{"taxonomy":"product_cat","embeddable":true,"href":"https:\/\/www.vinosiberian.com\/en\/wp-json\/wp\/v2\/product_cat?post=2614"},{"taxonomy":"product_tag","embeddable":true,"href":"https:\/\/www.vinosiberian.com\/en\/wp-json\/wp\/v2\/product_tag?post=2614"}],"curies":[{"name":"wp","href":"https:\/\/api.w.org\/{rel}","templated":true}]}}