{"id":2617,"date":"2022-11-03T08:16:29","date_gmt":"2022-11-03T08:16:29","guid":{"rendered":"https:\/\/www.vinosiberian.com\/producto\/yaso-flor-de-matteria-2016\/"},"modified":"2025-04-09T10:39:52","modified_gmt":"2025-04-09T08:39:52","slug":"yaso-flor-de-matteria-2022","status":"publish","type":"product","link":"https:\/\/www.vinosiberian.com\/en\/producto\/yaso-flor-de-matteria-2022\/","title":{"rendered":"Yaso Flor de Matteria 2022"},"content":{"rendered":"<p>Flor de Matteria is born from the selection of grapes from our old vineyards of El Pago and Valdefinjas. In this area we have vines between 40 and 60 years old, planted in goblet and without irrigation. The soil is sandy and has a multitude of pebbles. 100% Tinta de Toro wine. For the production of Flor de Matteria we use grapes from 40\/60 year old vines. Every year we select the barrels for the production of the first Matteria wine, which has a smaller capacity and greater expressiveness, while the rest are selected as Flor de Matteria. It is aged for 14 months in 300-liter French oak barrels. Yaso is an intense wine on the nose, with a fruity character of Tinta de Toro and menthol sensations, aromatic herbs, earthy and mineral aromas. It is a full-bodied wine in the mouth, expressive and with sweet tannins, perfect acidity and a pleasant aftertaste.<\/p>\n","protected":false},"excerpt":{"rendered":"<table width=\"500\">\n<tbody>\n<tr>\n<td width=\"250\">Winery<\/td>\n<td width=\"250\"><b>Yaso Vineyards<\/b><\/td>\n<\/tr>\n<tr>\n<td width=\"250\">Varieties<\/td>\n<td width=\"250\"><b>100% Tinta<\/b><b> de Toro <\/b><b>(Tempranillo)<\/b><\/td>\n<\/tr>\n<tr>\n<td width=\"250\">D.O. Toro<\/td>\n<td width=\"250\"><strong>Pago de Valdefinjas<\/strong><\/td>\n<\/tr>\n<tr>\n<td width=\"250\">Alcohol<\/td>\n<td width=\"250\"><b>15,5\u00ba<\/b><\/td>\n<\/tr>\n<tr>\n<td width=\"250\">Crianza<\/td>\n<td width=\"250\"><b>14 months in French oak barrels<\/b><\/td>\n<\/tr>\n<tr>\n<td width=\"250\">Fermentation<\/td>\n<td width=\"250\"><b>For 10 days in 5,000 liter tanks at a temperature of 25\u00baC.<\/b><\/td>\n<\/tr>\n<tr>\n<td width=\"250\">Maceration<\/td>\n<td width=\"250\"><b>For 19<\/b> <b>days<\/b> <b>with<\/b> <b>their<\/b> <b>skins<\/b><\/td>\n<\/tr>\n<\/tbody>\n<\/table>\n","protected":false},"featured_media":8957,"template":"","meta":{"_acf_changed":false},"product_brand":[],"product_cat":[81],"product_tag":[],"class_list":{"0":"post-2617","1":"product","2":"type-product","3":"status-publish","4":"has-post-thumbnail","6":"product_cat-toro-en","8":"first","9":"instock","10":"featured","11":"shipping-taxable","12":"purchasable","13":"product-type-simple"},"acf":[],"yoast_head":"<!-- This site is optimized with the Yoast SEO plugin v27.4 - https:\/\/yoast.com\/product\/yoast-seo-wordpress\/ -->\n<title>Yaso Flor de Matteria 2022 - Vinos Iberian<\/title>\n<meta name=\"robots\" content=\"index, follow, max-snippet:-1, max-image-preview:large, max-video-preview:-1\" \/>\n<link rel=\"canonical\" href=\"https:\/\/www.vinosiberian.com\/en\/producto\/yaso-flor-de-matteria-2022\/\" \/>\n<meta property=\"og:locale\" content=\"en_US\" \/>\n<meta property=\"og:type\" content=\"article\" \/>\n<meta property=\"og:title\" content=\"Yaso Flor de Matteria 2022 - Vinos Iberian\" \/>\n<meta property=\"og:description\" content=\"Winery Yaso Vineyards   Varieties 100% Tinta de Toro (Tempranillo)   D.O. Toro Pago de Valdefinjas   Alcohol 15,5\u00ba   Crianza 14 months in French oak barrels   Fermentation For 10 days in 5,000 liter tanks at a temperature of 25\u00baC.   Maceration For 19 days with their skins\" \/>\n<meta property=\"og:url\" content=\"https:\/\/www.vinosiberian.com\/en\/producto\/yaso-flor-de-matteria-2022\/\" \/>\n<meta property=\"og:site_name\" content=\"Vinos Iberian\" \/>\n<meta property=\"article:modified_time\" content=\"2025-04-09T08:39:52+00:00\" \/>\n<meta property=\"og:image\" content=\"https:\/\/www.vinosiberian.com\/wp-content\/uploads\/2022\/11\/YASOFLORMATTERIA_NUEVA.png\" \/>\n\t<meta property=\"og:image:width\" content=\"1200\" \/>\n\t<meta property=\"og:image:height\" content=\"1200\" \/>\n\t<meta property=\"og:image:type\" content=\"image\/png\" \/>\n<meta name=\"twitter:card\" content=\"summary_large_image\" \/>\n<meta name=\"twitter:label1\" content=\"Est. reading time\" \/>\n\t<meta name=\"twitter:data1\" content=\"1 minute\" \/>\n<script type=\"application\/ld+json\" class=\"yoast-schema-graph\">{\"@context\":\"https:\\\/\\\/schema.org\",\"@graph\":[{\"@type\":\"WebPage\",\"@id\":\"https:\\\/\\\/www.vinosiberian.com\\\/en\\\/producto\\\/yaso-flor-de-matteria-2022\\\/\",\"url\":\"https:\\\/\\\/www.vinosiberian.com\\\/en\\\/producto\\\/yaso-flor-de-matteria-2022\\\/\",\"name\":\"Yaso Flor de Matteria 2022 - Vinos Iberian\",\"isPartOf\":{\"@id\":\"https:\\\/\\\/www.vinosiberian.com\\\/en\\\/#website\"},\"primaryImageOfPage\":{\"@id\":\"https:\\\/\\\/www.vinosiberian.com\\\/en\\\/producto\\\/yaso-flor-de-matteria-2022\\\/#primaryimage\"},\"image\":{\"@id\":\"https:\\\/\\\/www.vinosiberian.com\\\/en\\\/producto\\\/yaso-flor-de-matteria-2022\\\/#primaryimage\"},\"thumbnailUrl\":\"https:\\\/\\\/www.vinosiberian.com\\\/wp-content\\\/uploads\\\/2022\\\/11\\\/YASOFLORMATTERIA_NUEVA.png\",\"datePublished\":\"2022-11-03T08:16:29+00:00\",\"dateModified\":\"2025-04-09T08:39:52+00:00\",\"breadcrumb\":{\"@id\":\"https:\\\/\\\/www.vinosiberian.com\\\/en\\\/producto\\\/yaso-flor-de-matteria-2022\\\/#breadcrumb\"},\"inLanguage\":\"en-US\",\"potentialAction\":[{\"@type\":\"ReadAction\",\"target\":[\"https:\\\/\\\/www.vinosiberian.com\\\/en\\\/producto\\\/yaso-flor-de-matteria-2022\\\/\"]}]},{\"@type\":\"ImageObject\",\"inLanguage\":\"en-US\",\"@id\":\"https:\\\/\\\/www.vinosiberian.com\\\/en\\\/producto\\\/yaso-flor-de-matteria-2022\\\/#primaryimage\",\"url\":\"https:\\\/\\\/www.vinosiberian.com\\\/wp-content\\\/uploads\\\/2022\\\/11\\\/YASOFLORMATTERIA_NUEVA.png\",\"contentUrl\":\"https:\\\/\\\/www.vinosiberian.com\\\/wp-content\\\/uploads\\\/2022\\\/11\\\/YASOFLORMATTERIA_NUEVA.png\",\"width\":1200,\"height\":1200},{\"@type\":\"BreadcrumbList\",\"@id\":\"https:\\\/\\\/www.vinosiberian.com\\\/en\\\/producto\\\/yaso-flor-de-matteria-2022\\\/#breadcrumb\",\"itemListElement\":[{\"@type\":\"ListItem\",\"position\":1,\"name\":\"Inicio\",\"item\":\"https:\\\/\\\/www.vinosiberian.com\\\/en\\\/\"},{\"@type\":\"ListItem\",\"position\":2,\"name\":\"Store\",\"item\":\"https:\\\/\\\/www.vinosiberian.com\\\/en\\\/shop\\\/\"},{\"@type\":\"ListItem\",\"position\":3,\"name\":\"Toro\",\"item\":\"https:\\\/\\\/www.vinosiberian.com\\\/en\\\/categoria-producto\\\/toro-en\\\/\"},{\"@type\":\"ListItem\",\"position\":4,\"name\":\"Yaso Flor de Matteria 2022\"}]},{\"@type\":\"WebSite\",\"@id\":\"https:\\\/\\\/www.vinosiberian.com\\\/en\\\/#website\",\"url\":\"https:\\\/\\\/www.vinosiberian.com\\\/en\\\/\",\"name\":\"Vinos Iberian\",\"description\":\"Tienda de vinos de la Compa\u00f1\u00eda de Vi\u00f1edos Iberian\",\"publisher\":{\"@id\":\"https:\\\/\\\/www.vinosiberian.com\\\/en\\\/#organization\"},\"potentialAction\":[{\"@type\":\"SearchAction\",\"target\":{\"@type\":\"EntryPoint\",\"urlTemplate\":\"https:\\\/\\\/www.vinosiberian.com\\\/en\\\/?s={search_term_string}\"},\"query-input\":{\"@type\":\"PropertyValueSpecification\",\"valueRequired\":true,\"valueName\":\"search_term_string\"}}],\"inLanguage\":\"en-US\"},{\"@type\":\"Organization\",\"@id\":\"https:\\\/\\\/www.vinosiberian.com\\\/en\\\/#organization\",\"name\":\"Vinos Iberian\",\"url\":\"https:\\\/\\\/www.vinosiberian.com\\\/en\\\/\",\"logo\":{\"@type\":\"ImageObject\",\"inLanguage\":\"en-US\",\"@id\":\"https:\\\/\\\/www.vinosiberian.com\\\/en\\\/#\\\/schema\\\/logo\\\/image\\\/\",\"url\":\"https:\\\/\\\/www.vinosiberian.com\\\/wp-content\\\/uploads\\\/2022\\\/10\\\/Horiz-IBERIAN.svg\",\"contentUrl\":\"https:\\\/\\\/www.vinosiberian.com\\\/wp-content\\\/uploads\\\/2022\\\/10\\\/Horiz-IBERIAN.svg\",\"width\":690,\"height\":208,\"caption\":\"Vinos Iberian\"},\"image\":{\"@id\":\"https:\\\/\\\/www.vinosiberian.com\\\/en\\\/#\\\/schema\\\/logo\\\/image\\\/\"}}]}<\/script>\n<!-- \/ Yoast SEO plugin. -->","yoast_head_json":{"title":"Yaso Flor de Matteria 2022 - Vinos Iberian","robots":{"index":"index","follow":"follow","max-snippet":"max-snippet:-1","max-image-preview":"max-image-preview:large","max-video-preview":"max-video-preview:-1"},"canonical":"https:\/\/www.vinosiberian.com\/en\/producto\/yaso-flor-de-matteria-2022\/","og_locale":"en_US","og_type":"article","og_title":"Yaso Flor de Matteria 2022 - Vinos Iberian","og_description":"Winery Yaso Vineyards   Varieties 100% Tinta de Toro (Tempranillo)   D.O. Toro Pago de Valdefinjas   Alcohol 15,5\u00ba   Crianza 14 months in French oak barrels   Fermentation For 10 days in 5,000 liter tanks at a temperature of 25\u00baC.   Maceration For 19 days with their skins","og_url":"https:\/\/www.vinosiberian.com\/en\/producto\/yaso-flor-de-matteria-2022\/","og_site_name":"Vinos Iberian","article_modified_time":"2025-04-09T08:39:52+00:00","og_image":[{"width":1200,"height":1200,"url":"https:\/\/www.vinosiberian.com\/wp-content\/uploads\/2022\/11\/YASOFLORMATTERIA_NUEVA.png","type":"image\/png"}],"twitter_card":"summary_large_image","twitter_misc":{"Est. reading time":"1 minute"},"schema":{"@context":"https:\/\/schema.org","@graph":[{"@type":"WebPage","@id":"https:\/\/www.vinosiberian.com\/en\/producto\/yaso-flor-de-matteria-2022\/","url":"https:\/\/www.vinosiberian.com\/en\/producto\/yaso-flor-de-matteria-2022\/","name":"Yaso Flor de Matteria 2022 - Vinos Iberian","isPartOf":{"@id":"https:\/\/www.vinosiberian.com\/en\/#website"},"primaryImageOfPage":{"@id":"https:\/\/www.vinosiberian.com\/en\/producto\/yaso-flor-de-matteria-2022\/#primaryimage"},"image":{"@id":"https:\/\/www.vinosiberian.com\/en\/producto\/yaso-flor-de-matteria-2022\/#primaryimage"},"thumbnailUrl":"https:\/\/www.vinosiberian.com\/wp-content\/uploads\/2022\/11\/YASOFLORMATTERIA_NUEVA.png","datePublished":"2022-11-03T08:16:29+00:00","dateModified":"2025-04-09T08:39:52+00:00","breadcrumb":{"@id":"https:\/\/www.vinosiberian.com\/en\/producto\/yaso-flor-de-matteria-2022\/#breadcrumb"},"inLanguage":"en-US","potentialAction":[{"@type":"ReadAction","target":["https:\/\/www.vinosiberian.com\/en\/producto\/yaso-flor-de-matteria-2022\/"]}]},{"@type":"ImageObject","inLanguage":"en-US","@id":"https:\/\/www.vinosiberian.com\/en\/producto\/yaso-flor-de-matteria-2022\/#primaryimage","url":"https:\/\/www.vinosiberian.com\/wp-content\/uploads\/2022\/11\/YASOFLORMATTERIA_NUEVA.png","contentUrl":"https:\/\/www.vinosiberian.com\/wp-content\/uploads\/2022\/11\/YASOFLORMATTERIA_NUEVA.png","width":1200,"height":1200},{"@type":"BreadcrumbList","@id":"https:\/\/www.vinosiberian.com\/en\/producto\/yaso-flor-de-matteria-2022\/#breadcrumb","itemListElement":[{"@type":"ListItem","position":1,"name":"Inicio","item":"https:\/\/www.vinosiberian.com\/en\/"},{"@type":"ListItem","position":2,"name":"Store","item":"https:\/\/www.vinosiberian.com\/en\/shop\/"},{"@type":"ListItem","position":3,"name":"Toro","item":"https:\/\/www.vinosiberian.com\/en\/categoria-producto\/toro-en\/"},{"@type":"ListItem","position":4,"name":"Yaso Flor de Matteria 2022"}]},{"@type":"WebSite","@id":"https:\/\/www.vinosiberian.com\/en\/#website","url":"https:\/\/www.vinosiberian.com\/en\/","name":"Vinos Iberian","description":"Tienda de vinos de la Compa\u00f1\u00eda de Vi\u00f1edos Iberian","publisher":{"@id":"https:\/\/www.vinosiberian.com\/en\/#organization"},"potentialAction":[{"@type":"SearchAction","target":{"@type":"EntryPoint","urlTemplate":"https:\/\/www.vinosiberian.com\/en\/?s={search_term_string}"},"query-input":{"@type":"PropertyValueSpecification","valueRequired":true,"valueName":"search_term_string"}}],"inLanguage":"en-US"},{"@type":"Organization","@id":"https:\/\/www.vinosiberian.com\/en\/#organization","name":"Vinos Iberian","url":"https:\/\/www.vinosiberian.com\/en\/","logo":{"@type":"ImageObject","inLanguage":"en-US","@id":"https:\/\/www.vinosiberian.com\/en\/#\/schema\/logo\/image\/","url":"https:\/\/www.vinosiberian.com\/wp-content\/uploads\/2022\/10\/Horiz-IBERIAN.svg","contentUrl":"https:\/\/www.vinosiberian.com\/wp-content\/uploads\/2022\/10\/Horiz-IBERIAN.svg","width":690,"height":208,"caption":"Vinos Iberian"},"image":{"@id":"https:\/\/www.vinosiberian.com\/en\/#\/schema\/logo\/image\/"}}]}},"_links":{"self":[{"href":"https:\/\/www.vinosiberian.com\/en\/wp-json\/wp\/v2\/product\/2617","targetHints":{"allow":["GET"]}}],"collection":[{"href":"https:\/\/www.vinosiberian.com\/en\/wp-json\/wp\/v2\/product"}],"about":[{"href":"https:\/\/www.vinosiberian.com\/en\/wp-json\/wp\/v2\/types\/product"}],"version-history":[{"count":1,"href":"https:\/\/www.vinosiberian.com\/en\/wp-json\/wp\/v2\/product\/2617\/revisions"}],"predecessor-version":[{"id":8959,"href":"https:\/\/www.vinosiberian.com\/en\/wp-json\/wp\/v2\/product\/2617\/revisions\/8959"}],"wp:featuredmedia":[{"embeddable":true,"href":"https:\/\/www.vinosiberian.com\/en\/wp-json\/wp\/v2\/media\/8957"}],"wp:attachment":[{"href":"https:\/\/www.vinosiberian.com\/en\/wp-json\/wp\/v2\/media?parent=2617"}],"wp:term":[{"taxonomy":"product_brand","embeddable":true,"href":"https:\/\/www.vinosiberian.com\/en\/wp-json\/wp\/v2\/product_brand?post=2617"},{"taxonomy":"product_cat","embeddable":true,"href":"https:\/\/www.vinosiberian.com\/en\/wp-json\/wp\/v2\/product_cat?post=2617"},{"taxonomy":"product_tag","embeddable":true,"href":"https:\/\/www.vinosiberian.com\/en\/wp-json\/wp\/v2\/product_tag?post=2617"}],"curies":[{"name":"wp","href":"https:\/\/api.w.org\/{rel}","templated":true}]}}