{"id":2682,"date":"2022-11-03T08:16:29","date_gmt":"2022-11-03T08:16:29","guid":{"rendered":"https:\/\/www.vinosiberian.com\/producto\/la-petite-agnes-2021\/"},"modified":"2024-06-20T13:44:18","modified_gmt":"2024-06-20T11:44:18","slug":"la-petite-agnes-2022","status":"publish","type":"product","link":"https:\/\/www.vinosiberian.com\/en\/producto\/la-petite-agnes-2022\/","title":{"rendered":"La Petite \u00c1gnes 2022"},"content":{"rendered":"<p>The Priorat Qualified Designation of Origin is a small mountainous region located in the province of Tarragona. Our winery Cal Grau is located in &#8220;El Loar&#8221;, in a 42 ha estate surrounded by mountains, olive trees, almond trees and scrubland, with vineyards classified by altitude, soils, variety and orientation. Of the 42 hectares available, 22 are vineyards, located on terraces of slate soil. The Garnacha and Cari\u00f1ena varieties form a wine with a more aromatic and fruity profile, conveying typical signs of identity of the area. It is an elegant and easy to drink wine, with a 17-day maceration with its skins and a minimum of 4 months aging in French oak barrels. Its name refers to an old lady named Agn\u00e9s, who 40 years ago used to take walks around our farm to collect aromatic and medicinal herbs. Le Petite Agn\u00e9s offers a wide variety of red and black fruit notes, with aromas of dried aromatic herbs. It is an attractive wine with good acidity on the palate, just the right amount of concentration and light toasty notes on the finish.<\/p>\n","protected":false},"excerpt":{"rendered":"<table width=\"500\">\n<tbody>\n<tr>\n<td width=\"250\">Winery<\/td>\n<td width=\"250\"><b>Cal Grau Winery and Vineyards<\/b><\/td>\n<\/tr>\n<tr>\n<td width=\"250\">Varieties<\/td>\n<td width=\"250\"><b>50% Garnacha \u2013 50% <\/b><b>Sams\u00f3<\/b><\/td>\n<\/tr>\n<tr>\n<td width=\"250\">D.O.Q. Priorat<\/td>\n<td width=\"250\"><strong>El Molar<\/strong><\/td>\n<\/tr>\n<tr>\n<td width=\"250\">Alcohol<\/td>\n<td width=\"250\"><b>15\u00ba<\/b><\/td>\n<\/tr>\n<tr>\n<td width=\"250\">Crianza<\/td>\n<td width=\"250\"><b>4 months in French oak barrels<\/b><\/td>\n<\/tr>\n<tr>\n<td width=\"250\">Fermentation<\/td>\n<td width=\"250\"><b>For 12 days in 8,500 liter tanks at a temperature of 25\u00baC.<\/b><\/td>\n<\/tr>\n<tr>\n<td width=\"250\">Maceration<\/td>\n<td width=\"250\"><b>For 17<\/b> <b>days<\/b> <b>with<\/b> <b>its<\/b> <b>skins<\/b><\/td>\n<\/tr>\n<\/tbody>\n<\/table>\n","protected":false},"featured_media":9605,"template":"","meta":{"_acf_changed":false},"product_brand":[],"product_cat":[80],"product_tag":[],"class_list":{"0":"post-2682","1":"product","2":"type-product","3":"status-publish","4":"has-post-thumbnail","6":"product_cat-priorato-en","8":"first","9":"instock","10":"shipping-taxable","11":"purchasable","12":"product-type-simple"},"acf":[],"yoast_head":"<!-- This site is optimized with the Yoast SEO plugin v27.4 - https:\/\/yoast.com\/product\/yoast-seo-wordpress\/ -->\n<title>La Petite \u00c1gnes 2022 - Vinos Iberian<\/title>\n<meta name=\"robots\" content=\"index, follow, max-snippet:-1, max-image-preview:large, max-video-preview:-1\" \/>\n<link rel=\"canonical\" href=\"https:\/\/www.vinosiberian.com\/en\/producto\/la-petite-agnes-2022\/\" \/>\n<meta property=\"og:locale\" content=\"en_US\" \/>\n<meta property=\"og:type\" content=\"article\" \/>\n<meta property=\"og:title\" content=\"La Petite \u00c1gnes 2022 - Vinos Iberian\" \/>\n<meta property=\"og:description\" content=\"Winery Cal Grau Winery and Vineyards   Varieties 50% Garnacha \u2013 50% Sams\u00f3   D.O.Q. Priorat El Molar   Alcohol 15\u00ba   Crianza 4 months in French oak barrels   Fermentation For 12 days in 8,500 liter tanks at a temperature of 25\u00baC.   Maceration For 17 days with its skins\" \/>\n<meta property=\"og:url\" content=\"https:\/\/www.vinosiberian.com\/en\/producto\/la-petite-agnes-2022\/\" \/>\n<meta property=\"og:site_name\" content=\"Vinos Iberian\" \/>\n<meta property=\"article:modified_time\" content=\"2024-06-20T11:44:18+00:00\" \/>\n<meta property=\"og:image\" content=\"https:\/\/www.vinosiberian.com\/wp-content\/uploads\/2022\/11\/LA-PETITE-AGNES-2022-1.png\" \/>\n\t<meta property=\"og:image:width\" content=\"1200\" \/>\n\t<meta property=\"og:image:height\" content=\"1200\" \/>\n\t<meta property=\"og:image:type\" content=\"image\/png\" \/>\n<meta name=\"twitter:card\" content=\"summary_large_image\" \/>\n<meta name=\"twitter:label1\" content=\"Est. reading time\" \/>\n\t<meta name=\"twitter:data1\" content=\"2 minutes\" \/>\n<script type=\"application\/ld+json\" class=\"yoast-schema-graph\">{\"@context\":\"https:\\\/\\\/schema.org\",\"@graph\":[{\"@type\":\"WebPage\",\"@id\":\"https:\\\/\\\/www.vinosiberian.com\\\/en\\\/producto\\\/la-petite-agnes-2022\\\/\",\"url\":\"https:\\\/\\\/www.vinosiberian.com\\\/en\\\/producto\\\/la-petite-agnes-2022\\\/\",\"name\":\"La Petite \u00c1gnes 2022 - Vinos Iberian\",\"isPartOf\":{\"@id\":\"https:\\\/\\\/www.vinosiberian.com\\\/en\\\/#website\"},\"primaryImageOfPage\":{\"@id\":\"https:\\\/\\\/www.vinosiberian.com\\\/en\\\/producto\\\/la-petite-agnes-2022\\\/#primaryimage\"},\"image\":{\"@id\":\"https:\\\/\\\/www.vinosiberian.com\\\/en\\\/producto\\\/la-petite-agnes-2022\\\/#primaryimage\"},\"thumbnailUrl\":\"https:\\\/\\\/www.vinosiberian.com\\\/wp-content\\\/uploads\\\/2022\\\/11\\\/PETITE-AGNES-2023.png\",\"datePublished\":\"2022-11-03T08:16:29+00:00\",\"dateModified\":\"2024-06-20T11:44:18+00:00\",\"breadcrumb\":{\"@id\":\"https:\\\/\\\/www.vinosiberian.com\\\/en\\\/producto\\\/la-petite-agnes-2022\\\/#breadcrumb\"},\"inLanguage\":\"en-US\",\"potentialAction\":[{\"@type\":\"ReadAction\",\"target\":[\"https:\\\/\\\/www.vinosiberian.com\\\/en\\\/producto\\\/la-petite-agnes-2022\\\/\"]}]},{\"@type\":\"ImageObject\",\"inLanguage\":\"en-US\",\"@id\":\"https:\\\/\\\/www.vinosiberian.com\\\/en\\\/producto\\\/la-petite-agnes-2022\\\/#primaryimage\",\"url\":\"https:\\\/\\\/www.vinosiberian.com\\\/wp-content\\\/uploads\\\/2022\\\/11\\\/PETITE-AGNES-2023.png\",\"contentUrl\":\"https:\\\/\\\/www.vinosiberian.com\\\/wp-content\\\/uploads\\\/2022\\\/11\\\/PETITE-AGNES-2023.png\",\"width\":1200,\"height\":1200},{\"@type\":\"BreadcrumbList\",\"@id\":\"https:\\\/\\\/www.vinosiberian.com\\\/en\\\/producto\\\/la-petite-agnes-2022\\\/#breadcrumb\",\"itemListElement\":[{\"@type\":\"ListItem\",\"position\":1,\"name\":\"Inicio\",\"item\":\"https:\\\/\\\/www.vinosiberian.com\\\/en\\\/\"},{\"@type\":\"ListItem\",\"position\":2,\"name\":\"Store\",\"item\":\"https:\\\/\\\/www.vinosiberian.com\\\/en\\\/shop\\\/\"},{\"@type\":\"ListItem\",\"position\":3,\"name\":\"Priorato\",\"item\":\"https:\\\/\\\/www.vinosiberian.com\\\/en\\\/categoria-producto\\\/priorato-en\\\/\"},{\"@type\":\"ListItem\",\"position\":4,\"name\":\"La Petite \u00c1gnes 2022\"}]},{\"@type\":\"WebSite\",\"@id\":\"https:\\\/\\\/www.vinosiberian.com\\\/en\\\/#website\",\"url\":\"https:\\\/\\\/www.vinosiberian.com\\\/en\\\/\",\"name\":\"Vinos Iberian\",\"description\":\"Tienda de vinos de la Compa\u00f1\u00eda de Vi\u00f1edos Iberian\",\"publisher\":{\"@id\":\"https:\\\/\\\/www.vinosiberian.com\\\/en\\\/#organization\"},\"potentialAction\":[{\"@type\":\"SearchAction\",\"target\":{\"@type\":\"EntryPoint\",\"urlTemplate\":\"https:\\\/\\\/www.vinosiberian.com\\\/en\\\/?s={search_term_string}\"},\"query-input\":{\"@type\":\"PropertyValueSpecification\",\"valueRequired\":true,\"valueName\":\"search_term_string\"}}],\"inLanguage\":\"en-US\"},{\"@type\":\"Organization\",\"@id\":\"https:\\\/\\\/www.vinosiberian.com\\\/en\\\/#organization\",\"name\":\"Vinos Iberian\",\"url\":\"https:\\\/\\\/www.vinosiberian.com\\\/en\\\/\",\"logo\":{\"@type\":\"ImageObject\",\"inLanguage\":\"en-US\",\"@id\":\"https:\\\/\\\/www.vinosiberian.com\\\/en\\\/#\\\/schema\\\/logo\\\/image\\\/\",\"url\":\"https:\\\/\\\/www.vinosiberian.com\\\/wp-content\\\/uploads\\\/2022\\\/10\\\/Horiz-IBERIAN.svg\",\"contentUrl\":\"https:\\\/\\\/www.vinosiberian.com\\\/wp-content\\\/uploads\\\/2022\\\/10\\\/Horiz-IBERIAN.svg\",\"width\":690,\"height\":208,\"caption\":\"Vinos Iberian\"},\"image\":{\"@id\":\"https:\\\/\\\/www.vinosiberian.com\\\/en\\\/#\\\/schema\\\/logo\\\/image\\\/\"}}]}<\/script>\n<!-- \/ Yoast SEO plugin. -->","yoast_head_json":{"title":"La Petite \u00c1gnes 2022 - Vinos Iberian","robots":{"index":"index","follow":"follow","max-snippet":"max-snippet:-1","max-image-preview":"max-image-preview:large","max-video-preview":"max-video-preview:-1"},"canonical":"https:\/\/www.vinosiberian.com\/en\/producto\/la-petite-agnes-2022\/","og_locale":"en_US","og_type":"article","og_title":"La Petite \u00c1gnes 2022 - Vinos Iberian","og_description":"Winery Cal Grau Winery and Vineyards   Varieties 50% Garnacha \u2013 50% Sams\u00f3   D.O.Q. Priorat El Molar   Alcohol 15\u00ba   Crianza 4 months in French oak barrels   Fermentation For 12 days in 8,500 liter tanks at a temperature of 25\u00baC.   Maceration For 17 days with its skins","og_url":"https:\/\/www.vinosiberian.com\/en\/producto\/la-petite-agnes-2022\/","og_site_name":"Vinos Iberian","article_modified_time":"2024-06-20T11:44:18+00:00","og_image":[{"width":1200,"height":1200,"url":"https:\/\/www.vinosiberian.com\/wp-content\/uploads\/2022\/11\/LA-PETITE-AGNES-2022-1.png","type":"image\/png"}],"twitter_card":"summary_large_image","twitter_misc":{"Est. reading time":"2 minutes"},"schema":{"@context":"https:\/\/schema.org","@graph":[{"@type":"WebPage","@id":"https:\/\/www.vinosiberian.com\/en\/producto\/la-petite-agnes-2022\/","url":"https:\/\/www.vinosiberian.com\/en\/producto\/la-petite-agnes-2022\/","name":"La Petite \u00c1gnes 2022 - Vinos Iberian","isPartOf":{"@id":"https:\/\/www.vinosiberian.com\/en\/#website"},"primaryImageOfPage":{"@id":"https:\/\/www.vinosiberian.com\/en\/producto\/la-petite-agnes-2022\/#primaryimage"},"image":{"@id":"https:\/\/www.vinosiberian.com\/en\/producto\/la-petite-agnes-2022\/#primaryimage"},"thumbnailUrl":"https:\/\/www.vinosiberian.com\/wp-content\/uploads\/2022\/11\/PETITE-AGNES-2023.png","datePublished":"2022-11-03T08:16:29+00:00","dateModified":"2024-06-20T11:44:18+00:00","breadcrumb":{"@id":"https:\/\/www.vinosiberian.com\/en\/producto\/la-petite-agnes-2022\/#breadcrumb"},"inLanguage":"en-US","potentialAction":[{"@type":"ReadAction","target":["https:\/\/www.vinosiberian.com\/en\/producto\/la-petite-agnes-2022\/"]}]},{"@type":"ImageObject","inLanguage":"en-US","@id":"https:\/\/www.vinosiberian.com\/en\/producto\/la-petite-agnes-2022\/#primaryimage","url":"https:\/\/www.vinosiberian.com\/wp-content\/uploads\/2022\/11\/PETITE-AGNES-2023.png","contentUrl":"https:\/\/www.vinosiberian.com\/wp-content\/uploads\/2022\/11\/PETITE-AGNES-2023.png","width":1200,"height":1200},{"@type":"BreadcrumbList","@id":"https:\/\/www.vinosiberian.com\/en\/producto\/la-petite-agnes-2022\/#breadcrumb","itemListElement":[{"@type":"ListItem","position":1,"name":"Inicio","item":"https:\/\/www.vinosiberian.com\/en\/"},{"@type":"ListItem","position":2,"name":"Store","item":"https:\/\/www.vinosiberian.com\/en\/shop\/"},{"@type":"ListItem","position":3,"name":"Priorato","item":"https:\/\/www.vinosiberian.com\/en\/categoria-producto\/priorato-en\/"},{"@type":"ListItem","position":4,"name":"La Petite \u00c1gnes 2022"}]},{"@type":"WebSite","@id":"https:\/\/www.vinosiberian.com\/en\/#website","url":"https:\/\/www.vinosiberian.com\/en\/","name":"Vinos Iberian","description":"Tienda de vinos de la Compa\u00f1\u00eda de Vi\u00f1edos Iberian","publisher":{"@id":"https:\/\/www.vinosiberian.com\/en\/#organization"},"potentialAction":[{"@type":"SearchAction","target":{"@type":"EntryPoint","urlTemplate":"https:\/\/www.vinosiberian.com\/en\/?s={search_term_string}"},"query-input":{"@type":"PropertyValueSpecification","valueRequired":true,"valueName":"search_term_string"}}],"inLanguage":"en-US"},{"@type":"Organization","@id":"https:\/\/www.vinosiberian.com\/en\/#organization","name":"Vinos Iberian","url":"https:\/\/www.vinosiberian.com\/en\/","logo":{"@type":"ImageObject","inLanguage":"en-US","@id":"https:\/\/www.vinosiberian.com\/en\/#\/schema\/logo\/image\/","url":"https:\/\/www.vinosiberian.com\/wp-content\/uploads\/2022\/10\/Horiz-IBERIAN.svg","contentUrl":"https:\/\/www.vinosiberian.com\/wp-content\/uploads\/2022\/10\/Horiz-IBERIAN.svg","width":690,"height":208,"caption":"Vinos Iberian"},"image":{"@id":"https:\/\/www.vinosiberian.com\/en\/#\/schema\/logo\/image\/"}}]}},"_links":{"self":[{"href":"https:\/\/www.vinosiberian.com\/en\/wp-json\/wp\/v2\/product\/2682","targetHints":{"allow":["GET"]}}],"collection":[{"href":"https:\/\/www.vinosiberian.com\/en\/wp-json\/wp\/v2\/product"}],"about":[{"href":"https:\/\/www.vinosiberian.com\/en\/wp-json\/wp\/v2\/types\/product"}],"version-history":[{"count":0,"href":"https:\/\/www.vinosiberian.com\/en\/wp-json\/wp\/v2\/product\/2682\/revisions"}],"wp:featuredmedia":[{"embeddable":true,"href":"https:\/\/www.vinosiberian.com\/en\/wp-json\/wp\/v2\/media\/9605"}],"wp:attachment":[{"href":"https:\/\/www.vinosiberian.com\/en\/wp-json\/wp\/v2\/media?parent=2682"}],"wp:term":[{"taxonomy":"product_brand","embeddable":true,"href":"https:\/\/www.vinosiberian.com\/en\/wp-json\/wp\/v2\/product_brand?post=2682"},{"taxonomy":"product_cat","embeddable":true,"href":"https:\/\/www.vinosiberian.com\/en\/wp-json\/wp\/v2\/product_cat?post=2682"},{"taxonomy":"product_tag","embeddable":true,"href":"https:\/\/www.vinosiberian.com\/en\/wp-json\/wp\/v2\/product_tag?post=2682"}],"curies":[{"name":"wp","href":"https:\/\/api.w.org\/{rel}","templated":true}]}}