{"id":2683,"date":"2022-11-03T08:16:29","date_gmt":"2022-11-03T08:16:29","guid":{"rendered":"https:\/\/www.vinosiberian.com\/producto\/clos-badaceli-garnacha-2018\/"},"modified":"2022-11-03T08:16:29","modified_gmt":"2022-11-03T08:16:29","slug":"clos-badaceli-garnacha-2018","status":"publish","type":"product","link":"https:\/\/www.vinosiberian.com\/en\/producto\/clos-badaceli-garnacha-2018\/","title":{"rendered":"Clos Badaceli Garnacha 2018"},"content":{"rendered":"<p class=\"p1\">For the elaboration of Badaceli 2018 we use grapes from our estate La Solana de Cal Grau, located in El Loar (Tarragona). The combination of the different plots of the Partida de El Figueral, with the changing orography of the area, gives the grapes a great complexity of nuances. Clos Badaceli Garnacha 2018 is a wine that fuses the garanacha profile of &#8220;El Priorat&#8221; with the minerality of the licorella (slate) soils. It is macerated for 27 days on the skins and fermented in small stainless steel tanks for a total of 29 days on the skins. Finally, the wine is aged in new or semi-new French oak barrels for 14 months, obtaining one of our most exclusive and unique wines. This wine has a high cherry red color with violet garnet rim, intense mineral, ferrous aromas and notes of wild red berries. It also has notes of mint, aromatic herbs, leafy, earthy and stony notes. Badaceli is fresh on the palate, sapid, with flavors of berries and toasted roasted notes from its time in oak.<\/p>\n","protected":false},"excerpt":{"rendered":"<table width=\"500\">\n<tbody>\n<tr>\n<td width=\"250\">Winery<\/td>\n<td width=\"250\"><b>Cal Grau Winery and Vineyards<\/b><\/td>\n<\/tr>\n<tr>\n<td width=\"250\">Varieties<\/td>\n<td width=\"250\"><b>100% Garnacha <\/b><\/td>\n<\/tr>\n<tr>\n<td width=\"250\">D.O.Q. Priorat<\/td>\n<td width=\"250\"><strong>Finca La Solana ( El Lloar ). Partida El Figueral<\/strong><\/td>\n<\/tr>\n<tr>\n<td width=\"250\">Alcohol<\/td>\n<td width=\"250\"><b>15,5\u00ba<\/b><\/td>\n<\/tr>\n<tr>\n<td width=\"250\">Crianza<\/td>\n<td width=\"250\"><strong>In new and semi-new French oak barrels for 14 months<\/strong><\/td>\n<\/tr>\n<tr>\n<td width=\"250\">Fermentation and Maceration<\/td>\n<td width=\"250\"><strong>In two small stainless steel tanks, total contact time with the skins 29 days<\/strong><\/td>\n<\/tr>\n<tr>\n<td width=\"250\"><\/td>\n<td width=\"250\"><\/td>\n<\/tr>\n<\/tbody>\n<\/table>\n<p>&nbsp;<\/p>\n","protected":false},"featured_media":7384,"template":"","meta":{"_acf_changed":false},"product_brand":[],"product_cat":[80],"product_tag":[],"class_list":{"0":"post-2683","1":"product","2":"type-product","3":"status-publish","4":"has-post-thumbnail","6":"product_cat-priorato-en","8":"first","9":"instock","10":"featured","11":"shipping-taxable","12":"purchasable","13":"product-type-simple"},"acf":[],"yoast_head":"<!-- This site is optimized with the Yoast SEO plugin v27.4 - https:\/\/yoast.com\/product\/yoast-seo-wordpress\/ -->\n<title>Clos Badaceli Garnacha 2018 - Vinos Iberian<\/title>\n<meta name=\"robots\" content=\"index, follow, max-snippet:-1, max-image-preview:large, max-video-preview:-1\" \/>\n<link rel=\"canonical\" href=\"https:\/\/www.vinosiberian.com\/en\/producto\/clos-badaceli-garnacha-2018\/\" \/>\n<meta property=\"og:locale\" content=\"en_US\" \/>\n<meta property=\"og:type\" content=\"article\" \/>\n<meta property=\"og:title\" content=\"Clos Badaceli Garnacha 2018 - Vinos Iberian\" \/>\n<meta property=\"og:description\" content=\"Winery Cal Grau Winery and Vineyards  Varieties 100% Garnacha  D.O.Q. Priorat Finca La Solana ( El Lloar ). Partida El Figueral  Alcohol 15,5\u00ba  Crianza In new and semi-new French oak barrels for 14 months  Fermentation and Maceration In two small stainless steel tanks, total contact time with the skins 29 days    &nbsp;\" \/>\n<meta property=\"og:url\" content=\"https:\/\/www.vinosiberian.com\/en\/producto\/clos-badaceli-garnacha-2018\/\" \/>\n<meta property=\"og:site_name\" content=\"Vinos Iberian\" \/>\n<meta property=\"og:image\" content=\"https:\/\/www.vinosiberian.com\/wp-content\/uploads\/2022\/11\/CLOS-BADACELLI-WEB.png\" \/>\n\t<meta property=\"og:image:width\" content=\"600\" \/>\n\t<meta property=\"og:image:height\" content=\"800\" \/>\n\t<meta property=\"og:image:type\" content=\"image\/png\" \/>\n<meta name=\"twitter:card\" content=\"summary_large_image\" \/>\n<meta name=\"twitter:label1\" content=\"Est. reading time\" \/>\n\t<meta name=\"twitter:data1\" content=\"1 minute\" \/>\n<script type=\"application\/ld+json\" class=\"yoast-schema-graph\">{\"@context\":\"https:\\\/\\\/schema.org\",\"@graph\":[{\"@type\":\"WebPage\",\"@id\":\"https:\\\/\\\/www.vinosiberian.com\\\/en\\\/producto\\\/clos-badaceli-garnacha-2018\\\/\",\"url\":\"https:\\\/\\\/www.vinosiberian.com\\\/en\\\/producto\\\/clos-badaceli-garnacha-2018\\\/\",\"name\":\"Clos Badaceli Garnacha 2018 - Vinos Iberian\",\"isPartOf\":{\"@id\":\"https:\\\/\\\/www.vinosiberian.com\\\/en\\\/#website\"},\"primaryImageOfPage\":{\"@id\":\"https:\\\/\\\/www.vinosiberian.com\\\/en\\\/producto\\\/clos-badaceli-garnacha-2018\\\/#primaryimage\"},\"image\":{\"@id\":\"https:\\\/\\\/www.vinosiberian.com\\\/en\\\/producto\\\/clos-badaceli-garnacha-2018\\\/#primaryimage\"},\"thumbnailUrl\":\"https:\\\/\\\/www.vinosiberian.com\\\/wp-content\\\/uploads\\\/2022\\\/11\\\/CLOS-BADACELI-GARNACHA-2018.png\",\"datePublished\":\"2022-11-03T08:16:29+00:00\",\"breadcrumb\":{\"@id\":\"https:\\\/\\\/www.vinosiberian.com\\\/en\\\/producto\\\/clos-badaceli-garnacha-2018\\\/#breadcrumb\"},\"inLanguage\":\"en-US\",\"potentialAction\":[{\"@type\":\"ReadAction\",\"target\":[\"https:\\\/\\\/www.vinosiberian.com\\\/en\\\/producto\\\/clos-badaceli-garnacha-2018\\\/\"]}]},{\"@type\":\"ImageObject\",\"inLanguage\":\"en-US\",\"@id\":\"https:\\\/\\\/www.vinosiberian.com\\\/en\\\/producto\\\/clos-badaceli-garnacha-2018\\\/#primaryimage\",\"url\":\"https:\\\/\\\/www.vinosiberian.com\\\/wp-content\\\/uploads\\\/2022\\\/11\\\/CLOS-BADACELI-GARNACHA-2018.png\",\"contentUrl\":\"https:\\\/\\\/www.vinosiberian.com\\\/wp-content\\\/uploads\\\/2022\\\/11\\\/CLOS-BADACELI-GARNACHA-2018.png\",\"width\":1200,\"height\":1200},{\"@type\":\"BreadcrumbList\",\"@id\":\"https:\\\/\\\/www.vinosiberian.com\\\/en\\\/producto\\\/clos-badaceli-garnacha-2018\\\/#breadcrumb\",\"itemListElement\":[{\"@type\":\"ListItem\",\"position\":1,\"name\":\"Inicio\",\"item\":\"https:\\\/\\\/www.vinosiberian.com\\\/en\\\/\"},{\"@type\":\"ListItem\",\"position\":2,\"name\":\"Store\",\"item\":\"https:\\\/\\\/www.vinosiberian.com\\\/en\\\/shop\\\/\"},{\"@type\":\"ListItem\",\"position\":3,\"name\":\"Priorato\",\"item\":\"https:\\\/\\\/www.vinosiberian.com\\\/en\\\/categoria-producto\\\/priorato-en\\\/\"},{\"@type\":\"ListItem\",\"position\":4,\"name\":\"Clos Badaceli Garnacha 2018\"}]},{\"@type\":\"WebSite\",\"@id\":\"https:\\\/\\\/www.vinosiberian.com\\\/en\\\/#website\",\"url\":\"https:\\\/\\\/www.vinosiberian.com\\\/en\\\/\",\"name\":\"Vinos Iberian\",\"description\":\"Tienda de vinos de la Compa\u00f1\u00eda de Vi\u00f1edos Iberian\",\"publisher\":{\"@id\":\"https:\\\/\\\/www.vinosiberian.com\\\/en\\\/#organization\"},\"potentialAction\":[{\"@type\":\"SearchAction\",\"target\":{\"@type\":\"EntryPoint\",\"urlTemplate\":\"https:\\\/\\\/www.vinosiberian.com\\\/en\\\/?s={search_term_string}\"},\"query-input\":{\"@type\":\"PropertyValueSpecification\",\"valueRequired\":true,\"valueName\":\"search_term_string\"}}],\"inLanguage\":\"en-US\"},{\"@type\":\"Organization\",\"@id\":\"https:\\\/\\\/www.vinosiberian.com\\\/en\\\/#organization\",\"name\":\"Vinos Iberian\",\"url\":\"https:\\\/\\\/www.vinosiberian.com\\\/en\\\/\",\"logo\":{\"@type\":\"ImageObject\",\"inLanguage\":\"en-US\",\"@id\":\"https:\\\/\\\/www.vinosiberian.com\\\/en\\\/#\\\/schema\\\/logo\\\/image\\\/\",\"url\":\"https:\\\/\\\/www.vinosiberian.com\\\/wp-content\\\/uploads\\\/2022\\\/10\\\/Horiz-IBERIAN.svg\",\"contentUrl\":\"https:\\\/\\\/www.vinosiberian.com\\\/wp-content\\\/uploads\\\/2022\\\/10\\\/Horiz-IBERIAN.svg\",\"width\":690,\"height\":208,\"caption\":\"Vinos Iberian\"},\"image\":{\"@id\":\"https:\\\/\\\/www.vinosiberian.com\\\/en\\\/#\\\/schema\\\/logo\\\/image\\\/\"}}]}<\/script>\n<!-- \/ Yoast SEO plugin. -->","yoast_head_json":{"title":"Clos Badaceli Garnacha 2018 - Vinos Iberian","robots":{"index":"index","follow":"follow","max-snippet":"max-snippet:-1","max-image-preview":"max-image-preview:large","max-video-preview":"max-video-preview:-1"},"canonical":"https:\/\/www.vinosiberian.com\/en\/producto\/clos-badaceli-garnacha-2018\/","og_locale":"en_US","og_type":"article","og_title":"Clos Badaceli Garnacha 2018 - Vinos Iberian","og_description":"Winery Cal Grau Winery and Vineyards  Varieties 100% Garnacha  D.O.Q. Priorat Finca La Solana ( El Lloar ). Partida El Figueral  Alcohol 15,5\u00ba  Crianza In new and semi-new French oak barrels for 14 months  Fermentation and Maceration In two small stainless steel tanks, total contact time with the skins 29 days    &nbsp;","og_url":"https:\/\/www.vinosiberian.com\/en\/producto\/clos-badaceli-garnacha-2018\/","og_site_name":"Vinos Iberian","og_image":[{"width":600,"height":800,"url":"https:\/\/www.vinosiberian.com\/wp-content\/uploads\/2022\/11\/CLOS-BADACELLI-WEB.png","type":"image\/png"}],"twitter_card":"summary_large_image","twitter_misc":{"Est. reading time":"1 minute"},"schema":{"@context":"https:\/\/schema.org","@graph":[{"@type":"WebPage","@id":"https:\/\/www.vinosiberian.com\/en\/producto\/clos-badaceli-garnacha-2018\/","url":"https:\/\/www.vinosiberian.com\/en\/producto\/clos-badaceli-garnacha-2018\/","name":"Clos Badaceli Garnacha 2018 - Vinos Iberian","isPartOf":{"@id":"https:\/\/www.vinosiberian.com\/en\/#website"},"primaryImageOfPage":{"@id":"https:\/\/www.vinosiberian.com\/en\/producto\/clos-badaceli-garnacha-2018\/#primaryimage"},"image":{"@id":"https:\/\/www.vinosiberian.com\/en\/producto\/clos-badaceli-garnacha-2018\/#primaryimage"},"thumbnailUrl":"https:\/\/www.vinosiberian.com\/wp-content\/uploads\/2022\/11\/CLOS-BADACELI-GARNACHA-2018.png","datePublished":"2022-11-03T08:16:29+00:00","breadcrumb":{"@id":"https:\/\/www.vinosiberian.com\/en\/producto\/clos-badaceli-garnacha-2018\/#breadcrumb"},"inLanguage":"en-US","potentialAction":[{"@type":"ReadAction","target":["https:\/\/www.vinosiberian.com\/en\/producto\/clos-badaceli-garnacha-2018\/"]}]},{"@type":"ImageObject","inLanguage":"en-US","@id":"https:\/\/www.vinosiberian.com\/en\/producto\/clos-badaceli-garnacha-2018\/#primaryimage","url":"https:\/\/www.vinosiberian.com\/wp-content\/uploads\/2022\/11\/CLOS-BADACELI-GARNACHA-2018.png","contentUrl":"https:\/\/www.vinosiberian.com\/wp-content\/uploads\/2022\/11\/CLOS-BADACELI-GARNACHA-2018.png","width":1200,"height":1200},{"@type":"BreadcrumbList","@id":"https:\/\/www.vinosiberian.com\/en\/producto\/clos-badaceli-garnacha-2018\/#breadcrumb","itemListElement":[{"@type":"ListItem","position":1,"name":"Inicio","item":"https:\/\/www.vinosiberian.com\/en\/"},{"@type":"ListItem","position":2,"name":"Store","item":"https:\/\/www.vinosiberian.com\/en\/shop\/"},{"@type":"ListItem","position":3,"name":"Priorato","item":"https:\/\/www.vinosiberian.com\/en\/categoria-producto\/priorato-en\/"},{"@type":"ListItem","position":4,"name":"Clos Badaceli Garnacha 2018"}]},{"@type":"WebSite","@id":"https:\/\/www.vinosiberian.com\/en\/#website","url":"https:\/\/www.vinosiberian.com\/en\/","name":"Vinos Iberian","description":"Tienda de vinos de la Compa\u00f1\u00eda de Vi\u00f1edos Iberian","publisher":{"@id":"https:\/\/www.vinosiberian.com\/en\/#organization"},"potentialAction":[{"@type":"SearchAction","target":{"@type":"EntryPoint","urlTemplate":"https:\/\/www.vinosiberian.com\/en\/?s={search_term_string}"},"query-input":{"@type":"PropertyValueSpecification","valueRequired":true,"valueName":"search_term_string"}}],"inLanguage":"en-US"},{"@type":"Organization","@id":"https:\/\/www.vinosiberian.com\/en\/#organization","name":"Vinos Iberian","url":"https:\/\/www.vinosiberian.com\/en\/","logo":{"@type":"ImageObject","inLanguage":"en-US","@id":"https:\/\/www.vinosiberian.com\/en\/#\/schema\/logo\/image\/","url":"https:\/\/www.vinosiberian.com\/wp-content\/uploads\/2022\/10\/Horiz-IBERIAN.svg","contentUrl":"https:\/\/www.vinosiberian.com\/wp-content\/uploads\/2022\/10\/Horiz-IBERIAN.svg","width":690,"height":208,"caption":"Vinos Iberian"},"image":{"@id":"https:\/\/www.vinosiberian.com\/en\/#\/schema\/logo\/image\/"}}]}},"_links":{"self":[{"href":"https:\/\/www.vinosiberian.com\/en\/wp-json\/wp\/v2\/product\/2683","targetHints":{"allow":["GET"]}}],"collection":[{"href":"https:\/\/www.vinosiberian.com\/en\/wp-json\/wp\/v2\/product"}],"about":[{"href":"https:\/\/www.vinosiberian.com\/en\/wp-json\/wp\/v2\/types\/product"}],"version-history":[{"count":0,"href":"https:\/\/www.vinosiberian.com\/en\/wp-json\/wp\/v2\/product\/2683\/revisions"}],"wp:featuredmedia":[{"embeddable":true,"href":"https:\/\/www.vinosiberian.com\/en\/wp-json\/wp\/v2\/media\/7384"}],"wp:attachment":[{"href":"https:\/\/www.vinosiberian.com\/en\/wp-json\/wp\/v2\/media?parent=2683"}],"wp:term":[{"taxonomy":"product_brand","embeddable":true,"href":"https:\/\/www.vinosiberian.com\/en\/wp-json\/wp\/v2\/product_brand?post=2683"},{"taxonomy":"product_cat","embeddable":true,"href":"https:\/\/www.vinosiberian.com\/en\/wp-json\/wp\/v2\/product_cat?post=2683"},{"taxonomy":"product_tag","embeddable":true,"href":"https:\/\/www.vinosiberian.com\/en\/wp-json\/wp\/v2\/product_tag?post=2683"}],"curies":[{"name":"wp","href":"https:\/\/api.w.org\/{rel}","templated":true}]}}