{"id":2686,"date":"2023-01-25T09:29:07","date_gmt":"2023-01-25T07:29:07","guid":{"rendered":"https:\/\/www.vinosiberian.com\/producto\/clos-badaceli-2017-magnum\/"},"modified":"2023-01-25T09:29:07","modified_gmt":"2023-01-25T09:29:07","slug":"clos-badaceli-2017-magnum","status":"publish","type":"product","link":"https:\/\/www.vinosiberian.com\/en\/producto\/clos-badaceli-2017-magnum\/","title":{"rendered":"Clos Badaceli 2017 Magnum"},"content":{"rendered":"<p>It is our wine that transmits the most classic style of Priorat wines without leaving a current enological point of view, it is a wine with lots of fruit on the nose, and mineral aromatic nuances (slate stone), in the mouth it has structure and excellent acidity that enhances the fruit of its grapes in a firm and mineral aftertaste. Its name comes from the mountain that is right in front of our winery and that shelters it from inclement weather and frost. It comes from the oldest vines of the estate of the Garnacha and Sams\u00f3 varieties and of lower production. It is usually aged in French oak barrels for 15 to 20 months. The production of this wine does not exceed 18 thousand bottles per vintage. We believe it has a minimum aging potential of 12 years, although if well preserved it can exceed 25 years.<\/p>\n","protected":false},"excerpt":{"rendered":"<table width=\"500\">\n<tbody>\n<tr>\n<td width=\"250\">Winery<\/td>\n<td width=\"250\"><b>Cal Grau Winery and Vineyards<\/b><\/td>\n<\/tr>\n<tr>\n<td width=\"250\">Varieties<\/td>\n<td width=\"250\"><b>60% Garnacha \u2013 40% <\/b><b>Sams\u00f3<\/b><\/td>\n<\/tr>\n<tr>\n<td width=\"250\">D.O.Q. Priorat<\/td>\n<td width=\"250\"><strong>El Molar<\/strong><\/td>\n<\/tr>\n<tr>\n<td width=\"250\">Alcohol<\/td>\n<td width=\"250\"><b>15,5\u00ba<\/b><\/td>\n<\/tr>\n<tr>\n<td width=\"250\">Crianza<\/td>\n<td width=\"250\"><b>14 months in new and 2nd year French oak barrels<\/b><\/td>\n<\/tr>\n<tr>\n<td width=\"250\">Fermentation<\/td>\n<td width=\"250\"><b>For 10 days in 8,500 liter tanks at a temperature of 25\u00baC.<\/b><\/td>\n<\/tr>\n<tr>\n<td width=\"250\">Maceration<\/td>\n<td width=\"250\"><b>For 27<\/b> <b>days<\/b> <b>with<\/b> <b>its<\/b> <b>skins<\/b><\/td>\n<\/tr>\n<\/tbody>\n<\/table>\n<p><span style=\"font-size: 14.4px;\">.<\/span><\/p>\n","protected":false},"featured_media":7964,"template":"","meta":{"_acf_changed":false},"product_brand":[],"product_cat":[80],"product_tag":[],"class_list":{"0":"post-2686","1":"product","2":"type-product","3":"status-publish","4":"has-post-thumbnail","6":"product_cat-priorato-en","8":"first","9":"instock","10":"featured","11":"shipping-taxable","12":"purchasable","13":"product-type-simple"},"acf":[],"yoast_head":"<!-- This site is optimized with the Yoast SEO plugin v27.4 - https:\/\/yoast.com\/product\/yoast-seo-wordpress\/ -->\n<title>Clos Badaceli 2017 Magnum - Vinos Iberian<\/title>\n<meta name=\"robots\" content=\"index, follow, max-snippet:-1, max-image-preview:large, max-video-preview:-1\" \/>\n<link rel=\"canonical\" href=\"https:\/\/www.vinosiberian.com\/en\/producto\/clos-badaceli-2017-magnum\/\" \/>\n<meta property=\"og:locale\" content=\"en_US\" \/>\n<meta property=\"og:type\" content=\"article\" \/>\n<meta property=\"og:title\" content=\"Clos Badaceli 2017 Magnum - Vinos Iberian\" \/>\n<meta property=\"og:description\" content=\"Winery Cal Grau Winery and Vineyards  Varieties 60% Garnacha \u2013 40% Sams\u00f3  D.O.Q. Priorat El Molar  Alcohol 15,5\u00ba  Crianza 14 months in new and 2nd year French oak barrels  Fermentation For 10 days in 8,500 liter tanks at a temperature of 25\u00baC.  Maceration For 27 days with its skins  .\" \/>\n<meta property=\"og:url\" content=\"https:\/\/www.vinosiberian.com\/en\/producto\/clos-badaceli-2017-magnum\/\" \/>\n<meta property=\"og:site_name\" content=\"Vinos Iberian\" \/>\n<meta property=\"article:modified_time\" content=\"2023-01-25T09:29:07+00:00\" \/>\n<meta property=\"og:image\" content=\"https:\/\/www.vinosiberian.com\/wp-content\/uploads\/2022\/11\/BADACELLI-WEB.png\" \/>\n\t<meta property=\"og:image:width\" content=\"600\" \/>\n\t<meta property=\"og:image:height\" content=\"800\" \/>\n\t<meta property=\"og:image:type\" content=\"image\/png\" \/>\n<meta name=\"twitter:card\" content=\"summary_large_image\" \/>\n<meta name=\"twitter:label1\" content=\"Est. reading time\" \/>\n\t<meta name=\"twitter:data1\" content=\"1 minute\" \/>\n<script type=\"application\/ld+json\" class=\"yoast-schema-graph\">{\"@context\":\"https:\\\/\\\/schema.org\",\"@graph\":[{\"@type\":\"WebPage\",\"@id\":\"https:\\\/\\\/www.vinosiberian.com\\\/en\\\/producto\\\/clos-badaceli-2017-magnum\\\/\",\"url\":\"https:\\\/\\\/www.vinosiberian.com\\\/en\\\/producto\\\/clos-badaceli-2017-magnum\\\/\",\"name\":\"Clos Badaceli 2017 Magnum - Vinos Iberian\",\"isPartOf\":{\"@id\":\"https:\\\/\\\/www.vinosiberian.com\\\/en\\\/#website\"},\"primaryImageOfPage\":{\"@id\":\"https:\\\/\\\/www.vinosiberian.com\\\/en\\\/producto\\\/clos-badaceli-2017-magnum\\\/#primaryimage\"},\"image\":{\"@id\":\"https:\\\/\\\/www.vinosiberian.com\\\/en\\\/producto\\\/clos-badaceli-2017-magnum\\\/#primaryimage\"},\"thumbnailUrl\":\"https:\\\/\\\/www.vinosiberian.com\\\/wp-content\\\/uploads\\\/2023\\\/01\\\/CLOS-DE-BADACELI-2018_MAGNUM.png\",\"datePublished\":\"2023-01-25T07:29:07+00:00\",\"dateModified\":\"2023-01-25T09:29:07+00:00\",\"breadcrumb\":{\"@id\":\"https:\\\/\\\/www.vinosiberian.com\\\/en\\\/producto\\\/clos-badaceli-2017-magnum\\\/#breadcrumb\"},\"inLanguage\":\"en-US\",\"potentialAction\":[{\"@type\":\"ReadAction\",\"target\":[\"https:\\\/\\\/www.vinosiberian.com\\\/en\\\/producto\\\/clos-badaceli-2017-magnum\\\/\"]}]},{\"@type\":\"ImageObject\",\"inLanguage\":\"en-US\",\"@id\":\"https:\\\/\\\/www.vinosiberian.com\\\/en\\\/producto\\\/clos-badaceli-2017-magnum\\\/#primaryimage\",\"url\":\"https:\\\/\\\/www.vinosiberian.com\\\/wp-content\\\/uploads\\\/2023\\\/01\\\/CLOS-DE-BADACELI-2018_MAGNUM.png\",\"contentUrl\":\"https:\\\/\\\/www.vinosiberian.com\\\/wp-content\\\/uploads\\\/2023\\\/01\\\/CLOS-DE-BADACELI-2018_MAGNUM.png\",\"width\":1200,\"height\":1200},{\"@type\":\"BreadcrumbList\",\"@id\":\"https:\\\/\\\/www.vinosiberian.com\\\/en\\\/producto\\\/clos-badaceli-2017-magnum\\\/#breadcrumb\",\"itemListElement\":[{\"@type\":\"ListItem\",\"position\":1,\"name\":\"Inicio\",\"item\":\"https:\\\/\\\/www.vinosiberian.com\\\/en\\\/\"},{\"@type\":\"ListItem\",\"position\":2,\"name\":\"Store\",\"item\":\"https:\\\/\\\/www.vinosiberian.com\\\/en\\\/shop\\\/\"},{\"@type\":\"ListItem\",\"position\":3,\"name\":\"Priorato\",\"item\":\"https:\\\/\\\/www.vinosiberian.com\\\/en\\\/categoria-producto\\\/priorato-en\\\/\"},{\"@type\":\"ListItem\",\"position\":4,\"name\":\"Clos Badaceli 2017 Magnum\"}]},{\"@type\":\"WebSite\",\"@id\":\"https:\\\/\\\/www.vinosiberian.com\\\/en\\\/#website\",\"url\":\"https:\\\/\\\/www.vinosiberian.com\\\/en\\\/\",\"name\":\"Vinos Iberian\",\"description\":\"Tienda de vinos de la Compa\u00f1\u00eda de Vi\u00f1edos Iberian\",\"publisher\":{\"@id\":\"https:\\\/\\\/www.vinosiberian.com\\\/en\\\/#organization\"},\"potentialAction\":[{\"@type\":\"SearchAction\",\"target\":{\"@type\":\"EntryPoint\",\"urlTemplate\":\"https:\\\/\\\/www.vinosiberian.com\\\/en\\\/?s={search_term_string}\"},\"query-input\":{\"@type\":\"PropertyValueSpecification\",\"valueRequired\":true,\"valueName\":\"search_term_string\"}}],\"inLanguage\":\"en-US\"},{\"@type\":\"Organization\",\"@id\":\"https:\\\/\\\/www.vinosiberian.com\\\/en\\\/#organization\",\"name\":\"Vinos Iberian\",\"url\":\"https:\\\/\\\/www.vinosiberian.com\\\/en\\\/\",\"logo\":{\"@type\":\"ImageObject\",\"inLanguage\":\"en-US\",\"@id\":\"https:\\\/\\\/www.vinosiberian.com\\\/en\\\/#\\\/schema\\\/logo\\\/image\\\/\",\"url\":\"https:\\\/\\\/www.vinosiberian.com\\\/wp-content\\\/uploads\\\/2022\\\/10\\\/Horiz-IBERIAN.svg\",\"contentUrl\":\"https:\\\/\\\/www.vinosiberian.com\\\/wp-content\\\/uploads\\\/2022\\\/10\\\/Horiz-IBERIAN.svg\",\"width\":690,\"height\":208,\"caption\":\"Vinos Iberian\"},\"image\":{\"@id\":\"https:\\\/\\\/www.vinosiberian.com\\\/en\\\/#\\\/schema\\\/logo\\\/image\\\/\"}}]}<\/script>\n<!-- \/ Yoast SEO plugin. -->","yoast_head_json":{"title":"Clos Badaceli 2017 Magnum - Vinos Iberian","robots":{"index":"index","follow":"follow","max-snippet":"max-snippet:-1","max-image-preview":"max-image-preview:large","max-video-preview":"max-video-preview:-1"},"canonical":"https:\/\/www.vinosiberian.com\/en\/producto\/clos-badaceli-2017-magnum\/","og_locale":"en_US","og_type":"article","og_title":"Clos Badaceli 2017 Magnum - Vinos Iberian","og_description":"Winery Cal Grau Winery and Vineyards  Varieties 60% Garnacha \u2013 40% Sams\u00f3  D.O.Q. Priorat El Molar  Alcohol 15,5\u00ba  Crianza 14 months in new and 2nd year French oak barrels  Fermentation For 10 days in 8,500 liter tanks at a temperature of 25\u00baC.  Maceration For 27 days with its skins  .","og_url":"https:\/\/www.vinosiberian.com\/en\/producto\/clos-badaceli-2017-magnum\/","og_site_name":"Vinos Iberian","article_modified_time":"2023-01-25T09:29:07+00:00","og_image":[{"width":600,"height":800,"url":"https:\/\/www.vinosiberian.com\/wp-content\/uploads\/2022\/11\/BADACELLI-WEB.png","type":"image\/png"}],"twitter_card":"summary_large_image","twitter_misc":{"Est. reading time":"1 minute"},"schema":{"@context":"https:\/\/schema.org","@graph":[{"@type":"WebPage","@id":"https:\/\/www.vinosiberian.com\/en\/producto\/clos-badaceli-2017-magnum\/","url":"https:\/\/www.vinosiberian.com\/en\/producto\/clos-badaceli-2017-magnum\/","name":"Clos Badaceli 2017 Magnum - Vinos Iberian","isPartOf":{"@id":"https:\/\/www.vinosiberian.com\/en\/#website"},"primaryImageOfPage":{"@id":"https:\/\/www.vinosiberian.com\/en\/producto\/clos-badaceli-2017-magnum\/#primaryimage"},"image":{"@id":"https:\/\/www.vinosiberian.com\/en\/producto\/clos-badaceli-2017-magnum\/#primaryimage"},"thumbnailUrl":"https:\/\/www.vinosiberian.com\/wp-content\/uploads\/2023\/01\/CLOS-DE-BADACELI-2018_MAGNUM.png","datePublished":"2023-01-25T07:29:07+00:00","dateModified":"2023-01-25T09:29:07+00:00","breadcrumb":{"@id":"https:\/\/www.vinosiberian.com\/en\/producto\/clos-badaceli-2017-magnum\/#breadcrumb"},"inLanguage":"en-US","potentialAction":[{"@type":"ReadAction","target":["https:\/\/www.vinosiberian.com\/en\/producto\/clos-badaceli-2017-magnum\/"]}]},{"@type":"ImageObject","inLanguage":"en-US","@id":"https:\/\/www.vinosiberian.com\/en\/producto\/clos-badaceli-2017-magnum\/#primaryimage","url":"https:\/\/www.vinosiberian.com\/wp-content\/uploads\/2023\/01\/CLOS-DE-BADACELI-2018_MAGNUM.png","contentUrl":"https:\/\/www.vinosiberian.com\/wp-content\/uploads\/2023\/01\/CLOS-DE-BADACELI-2018_MAGNUM.png","width":1200,"height":1200},{"@type":"BreadcrumbList","@id":"https:\/\/www.vinosiberian.com\/en\/producto\/clos-badaceli-2017-magnum\/#breadcrumb","itemListElement":[{"@type":"ListItem","position":1,"name":"Inicio","item":"https:\/\/www.vinosiberian.com\/en\/"},{"@type":"ListItem","position":2,"name":"Store","item":"https:\/\/www.vinosiberian.com\/en\/shop\/"},{"@type":"ListItem","position":3,"name":"Priorato","item":"https:\/\/www.vinosiberian.com\/en\/categoria-producto\/priorato-en\/"},{"@type":"ListItem","position":4,"name":"Clos Badaceli 2017 Magnum"}]},{"@type":"WebSite","@id":"https:\/\/www.vinosiberian.com\/en\/#website","url":"https:\/\/www.vinosiberian.com\/en\/","name":"Vinos Iberian","description":"Tienda de vinos de la Compa\u00f1\u00eda de Vi\u00f1edos Iberian","publisher":{"@id":"https:\/\/www.vinosiberian.com\/en\/#organization"},"potentialAction":[{"@type":"SearchAction","target":{"@type":"EntryPoint","urlTemplate":"https:\/\/www.vinosiberian.com\/en\/?s={search_term_string}"},"query-input":{"@type":"PropertyValueSpecification","valueRequired":true,"valueName":"search_term_string"}}],"inLanguage":"en-US"},{"@type":"Organization","@id":"https:\/\/www.vinosiberian.com\/en\/#organization","name":"Vinos Iberian","url":"https:\/\/www.vinosiberian.com\/en\/","logo":{"@type":"ImageObject","inLanguage":"en-US","@id":"https:\/\/www.vinosiberian.com\/en\/#\/schema\/logo\/image\/","url":"https:\/\/www.vinosiberian.com\/wp-content\/uploads\/2022\/10\/Horiz-IBERIAN.svg","contentUrl":"https:\/\/www.vinosiberian.com\/wp-content\/uploads\/2022\/10\/Horiz-IBERIAN.svg","width":690,"height":208,"caption":"Vinos Iberian"},"image":{"@id":"https:\/\/www.vinosiberian.com\/en\/#\/schema\/logo\/image\/"}}]}},"_links":{"self":[{"href":"https:\/\/www.vinosiberian.com\/en\/wp-json\/wp\/v2\/product\/2686","targetHints":{"allow":["GET"]}}],"collection":[{"href":"https:\/\/www.vinosiberian.com\/en\/wp-json\/wp\/v2\/product"}],"about":[{"href":"https:\/\/www.vinosiberian.com\/en\/wp-json\/wp\/v2\/types\/product"}],"version-history":[{"count":0,"href":"https:\/\/www.vinosiberian.com\/en\/wp-json\/wp\/v2\/product\/2686\/revisions"}],"wp:featuredmedia":[{"embeddable":true,"href":"https:\/\/www.vinosiberian.com\/en\/wp-json\/wp\/v2\/media\/7964"}],"wp:attachment":[{"href":"https:\/\/www.vinosiberian.com\/en\/wp-json\/wp\/v2\/media?parent=2686"}],"wp:term":[{"taxonomy":"product_brand","embeddable":true,"href":"https:\/\/www.vinosiberian.com\/en\/wp-json\/wp\/v2\/product_brand?post=2686"},{"taxonomy":"product_cat","embeddable":true,"href":"https:\/\/www.vinosiberian.com\/en\/wp-json\/wp\/v2\/product_cat?post=2686"},{"taxonomy":"product_tag","embeddable":true,"href":"https:\/\/www.vinosiberian.com\/en\/wp-json\/wp\/v2\/product_tag?post=2686"}],"curies":[{"name":"wp","href":"https:\/\/api.w.org\/{rel}","templated":true}]}}