{"id":7503,"date":"2024-10-16T17:19:42","date_gmt":"2024-10-16T15:19:42","guid":{"rendered":"https:\/\/www.vinosiberian.com\/?post_type=product&#038;p=7503"},"modified":"2026-04-15T16:25:03","modified_gmt":"2026-04-15T14:25:03","slug":"jaros-albillo-mayor-2023","status":"publish","type":"product","link":"https:\/\/www.vinosiberian.com\/en\/producto\/jaros-albillo-mayor-2023\/","title":{"rendered":"Jaros Albillo Mayor 2023"},"content":{"rendered":"<p>Jaros Albillo Mayor es un vino blanco D.O Ribera del Duero monovarietal 100% Albillo Mayor. Las uvas de este vino proceden de un sector de 1,6 ha de baja producci\u00f3n, que cuenta con suelos arenosos, arcillas, con contenido en piedras calizas y orientaci\u00f3n sur. Jaros Albillo Mayor se elabora en nuestra bodega y finca Vi\u00f1as del Jaro, ubicada en Pesquera de Duero. El vi\u00f1edo tiene una superficie de 46 ha divididas en 28 sectores, dependiendo de las variedades, suelos, orientaci\u00f3n y altura. Jaros Albillo Mayor tiene una crianza de 11 meses en barrica de roble franc\u00e9s. Se trata de un vino con un color amarillo brillante, intenso en nariz y con aromas de orejones, miel, piel de naranja, melocot\u00f3n y pi\u00f1a madura. Aromas tostados de su paso por barrica, nuez moscada y panader\u00eda. Es un vino de entrada corpulenta en boca, dulce y fresco, con un agradable amargor.<\/p>\n<div class=\"container-boton-ficha\"><a class=\"boton-ficha-pdf\" href=\"https:\/\/www.vinosiberian.com\/wp-content\/uploads\/2026\/04\/Jaros-Albillo-Mayor.pdf\" target=\"_blank\" rel=\"noreferrer noopener\">DESCARGAR FICHA<\/a><\/div>\n","protected":false},"excerpt":{"rendered":"<p>&nbsp;<\/p>\n<table width=\"1340\">\n<tbody>\n<tr>\n<td width=\"250\">Bodega<\/td>\n<td width=\"250\"><b>Vi\u00f1as del Jaro<\/b><\/td>\n<\/tr>\n<tr>\n<td width=\"250\">Variedades<\/td>\n<td width=\"250\"><b>Vino Blanco 100% Albillo Mayor<\/b><\/td>\n<\/tr>\n<tr>\n<td width=\"250\">Pesquera del Duero<\/td>\n<td width=\"250\"><strong>D.O. Ribera del Duero<\/strong><\/td>\n<\/tr>\n<tr>\n<td width=\"250\">Alcohol<\/td>\n<td width=\"250\"><b>12,5\u00ba<\/b><\/td>\n<\/tr>\n<tr>\n<td width=\"250\">Crianza<\/td>\n<td width=\"250\"><strong>11 meses en barricas nuevas de roble franc\u00e9s <\/strong><strong>de 300 litros<\/strong><\/td>\n<\/tr>\n<tr>\n<td width=\"250\">\n<p class=\"p1\">Al\u00e9rgenos<\/p>\n<\/td>\n<td width=\"250\">\n<p class=\"p1\"><strong>Contiene sulfitos<\/strong><\/p>\n<\/td>\n<\/tr>\n<tr>\n<td width=\"250\">Volumen<\/td>\n<td width=\"250\"><strong>750 ml<\/strong><\/td>\n<\/tr>\n<\/tbody>\n<\/table>\n<p><img decoding=\"async\" class=\"alignnone wp-image-3633\" src=\"https:\/\/www.vinosiberian.com\/wp-content\/uploads\/2022\/11\/92-300x300.png\" alt=\"92 Puntos James Suckling\" width=\"120\" height=\"120\" srcset=\"https:\/\/www.vinosiberian.com\/wp-content\/uploads\/2022\/11\/92-300x300.png 300w, https:\/\/www.vinosiberian.com\/wp-content\/uploads\/2022\/11\/92-150x150.png 150w, https:\/\/www.vinosiberian.com\/wp-content\/uploads\/2022\/11\/92-100x100.png 100w, https:\/\/www.vinosiberian.com\/wp-content\/uploads\/2022\/11\/92.png 432w\" sizes=\"(max-width: 120px) 100vw, 120px\" \/><\/p>\n","protected":false},"featured_media":7504,"template":"","meta":{"_acf_changed":false},"product_brand":[],"product_cat":[23],"product_tag":[],"class_list":{"0":"post-7503","1":"product","2":"type-product","3":"status-publish","4":"has-post-thumbnail","6":"product_cat-vinos-ribera-del-duero","8":"first","9":"instock","10":"shipping-taxable","11":"purchasable","12":"product-type-simple"},"acf":[],"yoast_head":"<!-- This site is optimized with the Yoast SEO plugin v27.4 - https:\/\/yoast.com\/product\/yoast-seo-wordpress\/ -->\n<title>Jaros Albillo Mayor 2023 - Vinos Iberian<\/title>\n<meta name=\"robots\" content=\"index, follow, max-snippet:-1, max-image-preview:large, max-video-preview:-1\" \/>\n<link rel=\"canonical\" href=\"https:\/\/www.vinosiberian.com\/en\/producto\/jaros-albillo-mayor-2023\/\" \/>\n<meta property=\"og:locale\" content=\"en_US\" \/>\n<meta property=\"og:type\" content=\"article\" \/>\n<meta property=\"og:title\" content=\"Jaros Albillo Mayor 2023 - Vinos Iberian\" \/>\n<meta property=\"og:description\" content=\"&nbsp;    Bodega Vi\u00f1as del Jaro   Variedades Vino Blanco 100% Albillo Mayor   Pesquera del Duero D.O. Ribera del Duero   Alcohol 12,5\u00ba   Crianza 11 meses en barricas nuevas de roble franc\u00e9s de 300 litros    Al\u00e9rgenos   Contiene sulfitos    Volumen 750 ml\" \/>\n<meta property=\"og:url\" content=\"https:\/\/www.vinosiberian.com\/en\/producto\/jaros-albillo-mayor-2023\/\" \/>\n<meta property=\"og:site_name\" content=\"Vinos Iberian\" \/>\n<meta property=\"article:modified_time\" content=\"2026-04-15T14:25:03+00:00\" \/>\n<meta property=\"og:image\" content=\"https:\/\/www.vinosiberian.com\/wp-content\/uploads\/2024\/10\/JAROS-ALBILLO-MAYOR.png\" \/>\n\t<meta property=\"og:image:width\" content=\"1200\" \/>\n\t<meta property=\"og:image:height\" content=\"1200\" \/>\n\t<meta property=\"og:image:type\" content=\"image\/png\" \/>\n<meta name=\"twitter:card\" content=\"summary_large_image\" \/>\n<meta name=\"twitter:label1\" content=\"Est. reading time\" \/>\n\t<meta name=\"twitter:data1\" content=\"1 minute\" \/>\n<script type=\"application\/ld+json\" class=\"yoast-schema-graph\">{\"@context\":\"https:\\\/\\\/schema.org\",\"@graph\":[{\"@type\":\"WebPage\",\"@id\":\"https:\\\/\\\/www.vinosiberian.com\\\/en\\\/producto\\\/jaros-albillo-mayor-2023\\\/\",\"url\":\"https:\\\/\\\/www.vinosiberian.com\\\/en\\\/producto\\\/jaros-albillo-mayor-2023\\\/\",\"name\":\"Jaros Albillo Mayor 2023 - Vinos Iberian\",\"isPartOf\":{\"@id\":\"https:\\\/\\\/www.vinosiberian.com\\\/en\\\/#website\"},\"primaryImageOfPage\":{\"@id\":\"https:\\\/\\\/www.vinosiberian.com\\\/en\\\/producto\\\/jaros-albillo-mayor-2023\\\/#primaryimage\"},\"image\":{\"@id\":\"https:\\\/\\\/www.vinosiberian.com\\\/en\\\/producto\\\/jaros-albillo-mayor-2023\\\/#primaryimage\"},\"thumbnailUrl\":\"https:\\\/\\\/www.vinosiberian.com\\\/wp-content\\\/uploads\\\/2024\\\/10\\\/JAROS-ALBILLO-MAYOR.png\",\"datePublished\":\"2024-10-16T15:19:42+00:00\",\"dateModified\":\"2026-04-15T14:25:03+00:00\",\"breadcrumb\":{\"@id\":\"https:\\\/\\\/www.vinosiberian.com\\\/en\\\/producto\\\/jaros-albillo-mayor-2023\\\/#breadcrumb\"},\"inLanguage\":\"en-US\",\"potentialAction\":[{\"@type\":\"ReadAction\",\"target\":[\"https:\\\/\\\/www.vinosiberian.com\\\/en\\\/producto\\\/jaros-albillo-mayor-2023\\\/\"]}]},{\"@type\":\"ImageObject\",\"inLanguage\":\"en-US\",\"@id\":\"https:\\\/\\\/www.vinosiberian.com\\\/en\\\/producto\\\/jaros-albillo-mayor-2023\\\/#primaryimage\",\"url\":\"https:\\\/\\\/www.vinosiberian.com\\\/wp-content\\\/uploads\\\/2024\\\/10\\\/JAROS-ALBILLO-MAYOR.png\",\"contentUrl\":\"https:\\\/\\\/www.vinosiberian.com\\\/wp-content\\\/uploads\\\/2024\\\/10\\\/JAROS-ALBILLO-MAYOR.png\",\"width\":1200,\"height\":1200,\"caption\":\"Botella JAROS ALBILLO MAYOR 2023\"},{\"@type\":\"BreadcrumbList\",\"@id\":\"https:\\\/\\\/www.vinosiberian.com\\\/en\\\/producto\\\/jaros-albillo-mayor-2023\\\/#breadcrumb\",\"itemListElement\":[{\"@type\":\"ListItem\",\"position\":1,\"name\":\"Inicio\",\"item\":\"https:\\\/\\\/www.vinosiberian.com\\\/en\\\/\"},{\"@type\":\"ListItem\",\"position\":2,\"name\":\"Store\",\"item\":\"https:\\\/\\\/www.vinosiberian.com\\\/en\\\/shop\\\/\"},{\"@type\":\"ListItem\",\"position\":3,\"name\":\"Ribera del Duero\",\"item\":\"https:\\\/\\\/www.vinosiberian.com\\\/en\\\/categoria-producto\\\/ribera-del-duero-en\\\/\"},{\"@type\":\"ListItem\",\"position\":4,\"name\":\"Jaros Albillo Mayor 2023\"}]},{\"@type\":\"WebSite\",\"@id\":\"https:\\\/\\\/www.vinosiberian.com\\\/en\\\/#website\",\"url\":\"https:\\\/\\\/www.vinosiberian.com\\\/en\\\/\",\"name\":\"Vinos Iberian\",\"description\":\"Tienda de vinos de la Compa\u00f1\u00eda de Vi\u00f1edos Iberian\",\"publisher\":{\"@id\":\"https:\\\/\\\/www.vinosiberian.com\\\/en\\\/#organization\"},\"potentialAction\":[{\"@type\":\"SearchAction\",\"target\":{\"@type\":\"EntryPoint\",\"urlTemplate\":\"https:\\\/\\\/www.vinosiberian.com\\\/en\\\/?s={search_term_string}\"},\"query-input\":{\"@type\":\"PropertyValueSpecification\",\"valueRequired\":true,\"valueName\":\"search_term_string\"}}],\"inLanguage\":\"en-US\"},{\"@type\":\"Organization\",\"@id\":\"https:\\\/\\\/www.vinosiberian.com\\\/en\\\/#organization\",\"name\":\"Vinos Iberian\",\"url\":\"https:\\\/\\\/www.vinosiberian.com\\\/en\\\/\",\"logo\":{\"@type\":\"ImageObject\",\"inLanguage\":\"en-US\",\"@id\":\"https:\\\/\\\/www.vinosiberian.com\\\/en\\\/#\\\/schema\\\/logo\\\/image\\\/\",\"url\":\"https:\\\/\\\/www.vinosiberian.com\\\/wp-content\\\/uploads\\\/2022\\\/10\\\/Horiz-IBERIAN.svg\",\"contentUrl\":\"https:\\\/\\\/www.vinosiberian.com\\\/wp-content\\\/uploads\\\/2022\\\/10\\\/Horiz-IBERIAN.svg\",\"width\":690,\"height\":208,\"caption\":\"Vinos Iberian\"},\"image\":{\"@id\":\"https:\\\/\\\/www.vinosiberian.com\\\/en\\\/#\\\/schema\\\/logo\\\/image\\\/\"}}]}<\/script>\n<!-- \/ Yoast SEO plugin. -->","yoast_head_json":{"title":"Jaros Albillo Mayor 2023 - Vinos Iberian","robots":{"index":"index","follow":"follow","max-snippet":"max-snippet:-1","max-image-preview":"max-image-preview:large","max-video-preview":"max-video-preview:-1"},"canonical":"https:\/\/www.vinosiberian.com\/en\/producto\/jaros-albillo-mayor-2023\/","og_locale":"en_US","og_type":"article","og_title":"Jaros Albillo Mayor 2023 - Vinos Iberian","og_description":"&nbsp;    Bodega Vi\u00f1as del Jaro   Variedades Vino Blanco 100% Albillo Mayor   Pesquera del Duero D.O. Ribera del Duero   Alcohol 12,5\u00ba   Crianza 11 meses en barricas nuevas de roble franc\u00e9s de 300 litros    Al\u00e9rgenos   Contiene sulfitos    Volumen 750 ml","og_url":"https:\/\/www.vinosiberian.com\/en\/producto\/jaros-albillo-mayor-2023\/","og_site_name":"Vinos Iberian","article_modified_time":"2026-04-15T14:25:03+00:00","og_image":[{"width":1200,"height":1200,"url":"https:\/\/www.vinosiberian.com\/wp-content\/uploads\/2024\/10\/JAROS-ALBILLO-MAYOR.png","type":"image\/png"}],"twitter_card":"summary_large_image","twitter_misc":{"Est. reading time":"1 minute"},"schema":{"@context":"https:\/\/schema.org","@graph":[{"@type":"WebPage","@id":"https:\/\/www.vinosiberian.com\/en\/producto\/jaros-albillo-mayor-2023\/","url":"https:\/\/www.vinosiberian.com\/en\/producto\/jaros-albillo-mayor-2023\/","name":"Jaros Albillo Mayor 2023 - Vinos Iberian","isPartOf":{"@id":"https:\/\/www.vinosiberian.com\/en\/#website"},"primaryImageOfPage":{"@id":"https:\/\/www.vinosiberian.com\/en\/producto\/jaros-albillo-mayor-2023\/#primaryimage"},"image":{"@id":"https:\/\/www.vinosiberian.com\/en\/producto\/jaros-albillo-mayor-2023\/#primaryimage"},"thumbnailUrl":"https:\/\/www.vinosiberian.com\/wp-content\/uploads\/2024\/10\/JAROS-ALBILLO-MAYOR.png","datePublished":"2024-10-16T15:19:42+00:00","dateModified":"2026-04-15T14:25:03+00:00","breadcrumb":{"@id":"https:\/\/www.vinosiberian.com\/en\/producto\/jaros-albillo-mayor-2023\/#breadcrumb"},"inLanguage":"en-US","potentialAction":[{"@type":"ReadAction","target":["https:\/\/www.vinosiberian.com\/en\/producto\/jaros-albillo-mayor-2023\/"]}]},{"@type":"ImageObject","inLanguage":"en-US","@id":"https:\/\/www.vinosiberian.com\/en\/producto\/jaros-albillo-mayor-2023\/#primaryimage","url":"https:\/\/www.vinosiberian.com\/wp-content\/uploads\/2024\/10\/JAROS-ALBILLO-MAYOR.png","contentUrl":"https:\/\/www.vinosiberian.com\/wp-content\/uploads\/2024\/10\/JAROS-ALBILLO-MAYOR.png","width":1200,"height":1200,"caption":"Botella JAROS ALBILLO MAYOR 2023"},{"@type":"BreadcrumbList","@id":"https:\/\/www.vinosiberian.com\/en\/producto\/jaros-albillo-mayor-2023\/#breadcrumb","itemListElement":[{"@type":"ListItem","position":1,"name":"Inicio","item":"https:\/\/www.vinosiberian.com\/en\/"},{"@type":"ListItem","position":2,"name":"Store","item":"https:\/\/www.vinosiberian.com\/en\/shop\/"},{"@type":"ListItem","position":3,"name":"Ribera del Duero","item":"https:\/\/www.vinosiberian.com\/en\/categoria-producto\/ribera-del-duero-en\/"},{"@type":"ListItem","position":4,"name":"Jaros Albillo Mayor 2023"}]},{"@type":"WebSite","@id":"https:\/\/www.vinosiberian.com\/en\/#website","url":"https:\/\/www.vinosiberian.com\/en\/","name":"Vinos Iberian","description":"Tienda de vinos de la Compa\u00f1\u00eda de Vi\u00f1edos Iberian","publisher":{"@id":"https:\/\/www.vinosiberian.com\/en\/#organization"},"potentialAction":[{"@type":"SearchAction","target":{"@type":"EntryPoint","urlTemplate":"https:\/\/www.vinosiberian.com\/en\/?s={search_term_string}"},"query-input":{"@type":"PropertyValueSpecification","valueRequired":true,"valueName":"search_term_string"}}],"inLanguage":"en-US"},{"@type":"Organization","@id":"https:\/\/www.vinosiberian.com\/en\/#organization","name":"Vinos Iberian","url":"https:\/\/www.vinosiberian.com\/en\/","logo":{"@type":"ImageObject","inLanguage":"en-US","@id":"https:\/\/www.vinosiberian.com\/en\/#\/schema\/logo\/image\/","url":"https:\/\/www.vinosiberian.com\/wp-content\/uploads\/2022\/10\/Horiz-IBERIAN.svg","contentUrl":"https:\/\/www.vinosiberian.com\/wp-content\/uploads\/2022\/10\/Horiz-IBERIAN.svg","width":690,"height":208,"caption":"Vinos Iberian"},"image":{"@id":"https:\/\/www.vinosiberian.com\/en\/#\/schema\/logo\/image\/"}}]}},"_links":{"self":[{"href":"https:\/\/www.vinosiberian.com\/en\/wp-json\/wp\/v2\/product\/7503","targetHints":{"allow":["GET"]}}],"collection":[{"href":"https:\/\/www.vinosiberian.com\/en\/wp-json\/wp\/v2\/product"}],"about":[{"href":"https:\/\/www.vinosiberian.com\/en\/wp-json\/wp\/v2\/types\/product"}],"version-history":[{"count":3,"href":"https:\/\/www.vinosiberian.com\/en\/wp-json\/wp\/v2\/product\/7503\/revisions"}],"predecessor-version":[{"id":9888,"href":"https:\/\/www.vinosiberian.com\/en\/wp-json\/wp\/v2\/product\/7503\/revisions\/9888"}],"wp:featuredmedia":[{"embeddable":true,"href":"https:\/\/www.vinosiberian.com\/en\/wp-json\/wp\/v2\/media\/7504"}],"wp:attachment":[{"href":"https:\/\/www.vinosiberian.com\/en\/wp-json\/wp\/v2\/media?parent=7503"}],"wp:term":[{"taxonomy":"product_brand","embeddable":true,"href":"https:\/\/www.vinosiberian.com\/en\/wp-json\/wp\/v2\/product_brand?post=7503"},{"taxonomy":"product_cat","embeddable":true,"href":"https:\/\/www.vinosiberian.com\/en\/wp-json\/wp\/v2\/product_cat?post=7503"},{"taxonomy":"product_tag","embeddable":true,"href":"https:\/\/www.vinosiberian.com\/en\/wp-json\/wp\/v2\/product_tag?post=7503"}],"curies":[{"name":"wp","href":"https:\/\/api.w.org\/{rel}","templated":true}]}}