{"id":7751,"date":"2024-10-25T13:09:49","date_gmt":"2024-10-25T11:09:49","guid":{"rendered":"https:\/\/www.vinosiberian.com\/?post_type=product&#038;p=7751"},"modified":"2026-03-19T15:36:27","modified_gmt":"2026-03-19T14:36:27","slug":"pack-vino-finca-quinon","status":"publish","type":"product","link":"https:\/\/www.vinosiberian.com\/en\/producto\/pack-vino-finca-quinon\/","title":{"rendered":"Lo mejor de la Finca del Qui\u00f1\u00f3n"},"content":{"rendered":"<p><span data-sheets-root=\"1\">Este pack es para los verdaderos amantes del vino que aprecian la combinaci\u00f3n de historia y calidad. Con la exclusividad del Sed de Cana, el Chafand\u00edn y el Jaros Albillo Mayor, ofrece una selecci\u00f3n perfecta para quienes buscan vinos de alta gama con car\u00e1cter, ideales para guarda.<\/span><\/p>\n<p>Vinos que incluye el pack:<\/p>\n<ul>\n<li><span data-sheets-root=\"1\">Sed de Cana 2021<\/span><\/li>\n<li><span data-sheets-root=\"1\">Chafand\u00edn 2022<\/span><\/li>\n<li><span data-sheets-root=\"1\">Jaros Albillo Mayor 2023<\/span><\/li>\n<\/ul>\n","protected":false},"excerpt":{"rendered":"<p>Al\u00e9rgenos:<strong> Contiene sulfitos<\/strong><\/p>\n","protected":false},"featured_media":9822,"template":"","meta":{"_acf_changed":false},"product_brand":[],"product_cat":[22,23],"product_tag":[],"class_list":{"0":"post-7751","1":"product","2":"type-product","3":"status-publish","4":"has-post-thumbnail","6":"product_cat-packs-de-vinos","7":"product_cat-vinos-ribera-del-duero","9":"first","10":"instock","11":"shipping-taxable","12":"purchasable","13":"product-type-simple"},"acf":[],"yoast_head":"<!-- This site is optimized with the Yoast SEO plugin v27.4 - https:\/\/yoast.com\/product\/yoast-seo-wordpress\/ -->\n<title>Lo mejor de la Finca del Qui\u00f1\u00f3n - Vinos Iberian<\/title>\n<meta name=\"robots\" content=\"index, follow, max-snippet:-1, max-image-preview:large, max-video-preview:-1\" \/>\n<link rel=\"canonical\" href=\"https:\/\/www.vinosiberian.com\/en\/producto\/pack-vino-finca-quinon\/\" \/>\n<meta property=\"og:locale\" content=\"en_US\" \/>\n<meta property=\"og:type\" content=\"article\" \/>\n<meta property=\"og:title\" content=\"Lo mejor de la Finca del Qui\u00f1\u00f3n - Vinos Iberian\" \/>\n<meta property=\"og:description\" content=\"Al\u00e9rgenos: Contiene sulfitos\" \/>\n<meta property=\"og:url\" content=\"https:\/\/www.vinosiberian.com\/en\/producto\/pack-vino-finca-quinon\/\" \/>\n<meta property=\"og:site_name\" content=\"Vinos Iberian\" \/>\n<meta property=\"article:modified_time\" content=\"2026-03-19T14:36:27+00:00\" \/>\n<meta property=\"og:image\" content=\"https:\/\/www.vinosiberian.com\/wp-content\/uploads\/2024\/10\/Lo-mejor-Finca-Quinon.png\" \/>\n\t<meta property=\"og:image:width\" content=\"1200\" \/>\n\t<meta property=\"og:image:height\" content=\"1200\" \/>\n\t<meta property=\"og:image:type\" content=\"image\/png\" \/>\n<meta name=\"twitter:card\" content=\"summary_large_image\" \/>\n<meta name=\"twitter:label1\" content=\"Est. reading time\" \/>\n\t<meta name=\"twitter:data1\" content=\"1 minute\" \/>\n<script type=\"application\/ld+json\" class=\"yoast-schema-graph\">{\"@context\":\"https:\\\/\\\/schema.org\",\"@graph\":[{\"@type\":\"WebPage\",\"@id\":\"https:\\\/\\\/www.vinosiberian.com\\\/en\\\/producto\\\/pack-vino-finca-quinon\\\/\",\"url\":\"https:\\\/\\\/www.vinosiberian.com\\\/en\\\/producto\\\/pack-vino-finca-quinon\\\/\",\"name\":\"Lo mejor de la Finca del Qui\u00f1\u00f3n - Vinos Iberian\",\"isPartOf\":{\"@id\":\"https:\\\/\\\/www.vinosiberian.com\\\/en\\\/#website\"},\"primaryImageOfPage\":{\"@id\":\"https:\\\/\\\/www.vinosiberian.com\\\/en\\\/producto\\\/pack-vino-finca-quinon\\\/#primaryimage\"},\"image\":{\"@id\":\"https:\\\/\\\/www.vinosiberian.com\\\/en\\\/producto\\\/pack-vino-finca-quinon\\\/#primaryimage\"},\"thumbnailUrl\":\"https:\\\/\\\/www.vinosiberian.com\\\/wp-content\\\/uploads\\\/2024\\\/10\\\/Lo-mejor-Finca-Quinon.png\",\"datePublished\":\"2024-10-25T11:09:49+00:00\",\"dateModified\":\"2026-03-19T14:36:27+00:00\",\"breadcrumb\":{\"@id\":\"https:\\\/\\\/www.vinosiberian.com\\\/en\\\/producto\\\/pack-vino-finca-quinon\\\/#breadcrumb\"},\"inLanguage\":\"en-US\",\"potentialAction\":[{\"@type\":\"ReadAction\",\"target\":[\"https:\\\/\\\/www.vinosiberian.com\\\/en\\\/producto\\\/pack-vino-finca-quinon\\\/\"]}]},{\"@type\":\"ImageObject\",\"inLanguage\":\"en-US\",\"@id\":\"https:\\\/\\\/www.vinosiberian.com\\\/en\\\/producto\\\/pack-vino-finca-quinon\\\/#primaryimage\",\"url\":\"https:\\\/\\\/www.vinosiberian.com\\\/wp-content\\\/uploads\\\/2024\\\/10\\\/Lo-mejor-Finca-Quinon.png\",\"contentUrl\":\"https:\\\/\\\/www.vinosiberian.com\\\/wp-content\\\/uploads\\\/2024\\\/10\\\/Lo-mejor-Finca-Quinon.png\",\"width\":1200,\"height\":1200},{\"@type\":\"BreadcrumbList\",\"@id\":\"https:\\\/\\\/www.vinosiberian.com\\\/en\\\/producto\\\/pack-vino-finca-quinon\\\/#breadcrumb\",\"itemListElement\":[{\"@type\":\"ListItem\",\"position\":1,\"name\":\"Inicio\",\"item\":\"https:\\\/\\\/www.vinosiberian.com\\\/en\\\/\"},{\"@type\":\"ListItem\",\"position\":2,\"name\":\"Store\",\"item\":\"https:\\\/\\\/www.vinosiberian.com\\\/en\\\/shop\\\/\"},{\"@type\":\"ListItem\",\"position\":3,\"name\":\"Packs de vinos\",\"item\":\"https:\\\/\\\/www.vinosiberian.com\\\/en\\\/categoria-producto\\\/packs-de-vinos\\\/\"},{\"@type\":\"ListItem\",\"position\":4,\"name\":\"Lo mejor de la Finca del Qui\u00f1\u00f3n\"}]},{\"@type\":\"WebSite\",\"@id\":\"https:\\\/\\\/www.vinosiberian.com\\\/en\\\/#website\",\"url\":\"https:\\\/\\\/www.vinosiberian.com\\\/en\\\/\",\"name\":\"Vinos Iberian\",\"description\":\"Tienda de vinos de la Compa\u00f1\u00eda de Vi\u00f1edos Iberian\",\"publisher\":{\"@id\":\"https:\\\/\\\/www.vinosiberian.com\\\/en\\\/#organization\"},\"potentialAction\":[{\"@type\":\"SearchAction\",\"target\":{\"@type\":\"EntryPoint\",\"urlTemplate\":\"https:\\\/\\\/www.vinosiberian.com\\\/en\\\/?s={search_term_string}\"},\"query-input\":{\"@type\":\"PropertyValueSpecification\",\"valueRequired\":true,\"valueName\":\"search_term_string\"}}],\"inLanguage\":\"en-US\"},{\"@type\":\"Organization\",\"@id\":\"https:\\\/\\\/www.vinosiberian.com\\\/en\\\/#organization\",\"name\":\"Vinos Iberian\",\"url\":\"https:\\\/\\\/www.vinosiberian.com\\\/en\\\/\",\"logo\":{\"@type\":\"ImageObject\",\"inLanguage\":\"en-US\",\"@id\":\"https:\\\/\\\/www.vinosiberian.com\\\/en\\\/#\\\/schema\\\/logo\\\/image\\\/\",\"url\":\"https:\\\/\\\/www.vinosiberian.com\\\/wp-content\\\/uploads\\\/2022\\\/10\\\/Horiz-IBERIAN.svg\",\"contentUrl\":\"https:\\\/\\\/www.vinosiberian.com\\\/wp-content\\\/uploads\\\/2022\\\/10\\\/Horiz-IBERIAN.svg\",\"width\":690,\"height\":208,\"caption\":\"Vinos Iberian\"},\"image\":{\"@id\":\"https:\\\/\\\/www.vinosiberian.com\\\/en\\\/#\\\/schema\\\/logo\\\/image\\\/\"}}]}<\/script>\n<!-- \/ Yoast SEO plugin. -->","yoast_head_json":{"title":"Lo mejor de la Finca del Qui\u00f1\u00f3n - Vinos Iberian","robots":{"index":"index","follow":"follow","max-snippet":"max-snippet:-1","max-image-preview":"max-image-preview:large","max-video-preview":"max-video-preview:-1"},"canonical":"https:\/\/www.vinosiberian.com\/en\/producto\/pack-vino-finca-quinon\/","og_locale":"en_US","og_type":"article","og_title":"Lo mejor de la Finca del Qui\u00f1\u00f3n - Vinos Iberian","og_description":"Al\u00e9rgenos: Contiene sulfitos","og_url":"https:\/\/www.vinosiberian.com\/en\/producto\/pack-vino-finca-quinon\/","og_site_name":"Vinos Iberian","article_modified_time":"2026-03-19T14:36:27+00:00","og_image":[{"width":1200,"height":1200,"url":"https:\/\/www.vinosiberian.com\/wp-content\/uploads\/2024\/10\/Lo-mejor-Finca-Quinon.png","type":"image\/png"}],"twitter_card":"summary_large_image","twitter_misc":{"Est. reading time":"1 minute"},"schema":{"@context":"https:\/\/schema.org","@graph":[{"@type":"WebPage","@id":"https:\/\/www.vinosiberian.com\/en\/producto\/pack-vino-finca-quinon\/","url":"https:\/\/www.vinosiberian.com\/en\/producto\/pack-vino-finca-quinon\/","name":"Lo mejor de la Finca del Qui\u00f1\u00f3n - Vinos Iberian","isPartOf":{"@id":"https:\/\/www.vinosiberian.com\/en\/#website"},"primaryImageOfPage":{"@id":"https:\/\/www.vinosiberian.com\/en\/producto\/pack-vino-finca-quinon\/#primaryimage"},"image":{"@id":"https:\/\/www.vinosiberian.com\/en\/producto\/pack-vino-finca-quinon\/#primaryimage"},"thumbnailUrl":"https:\/\/www.vinosiberian.com\/wp-content\/uploads\/2024\/10\/Lo-mejor-Finca-Quinon.png","datePublished":"2024-10-25T11:09:49+00:00","dateModified":"2026-03-19T14:36:27+00:00","breadcrumb":{"@id":"https:\/\/www.vinosiberian.com\/en\/producto\/pack-vino-finca-quinon\/#breadcrumb"},"inLanguage":"en-US","potentialAction":[{"@type":"ReadAction","target":["https:\/\/www.vinosiberian.com\/en\/producto\/pack-vino-finca-quinon\/"]}]},{"@type":"ImageObject","inLanguage":"en-US","@id":"https:\/\/www.vinosiberian.com\/en\/producto\/pack-vino-finca-quinon\/#primaryimage","url":"https:\/\/www.vinosiberian.com\/wp-content\/uploads\/2024\/10\/Lo-mejor-Finca-Quinon.png","contentUrl":"https:\/\/www.vinosiberian.com\/wp-content\/uploads\/2024\/10\/Lo-mejor-Finca-Quinon.png","width":1200,"height":1200},{"@type":"BreadcrumbList","@id":"https:\/\/www.vinosiberian.com\/en\/producto\/pack-vino-finca-quinon\/#breadcrumb","itemListElement":[{"@type":"ListItem","position":1,"name":"Inicio","item":"https:\/\/www.vinosiberian.com\/en\/"},{"@type":"ListItem","position":2,"name":"Store","item":"https:\/\/www.vinosiberian.com\/en\/shop\/"},{"@type":"ListItem","position":3,"name":"Packs de vinos","item":"https:\/\/www.vinosiberian.com\/en\/categoria-producto\/packs-de-vinos\/"},{"@type":"ListItem","position":4,"name":"Lo mejor de la Finca del Qui\u00f1\u00f3n"}]},{"@type":"WebSite","@id":"https:\/\/www.vinosiberian.com\/en\/#website","url":"https:\/\/www.vinosiberian.com\/en\/","name":"Vinos Iberian","description":"Tienda de vinos de la Compa\u00f1\u00eda de Vi\u00f1edos Iberian","publisher":{"@id":"https:\/\/www.vinosiberian.com\/en\/#organization"},"potentialAction":[{"@type":"SearchAction","target":{"@type":"EntryPoint","urlTemplate":"https:\/\/www.vinosiberian.com\/en\/?s={search_term_string}"},"query-input":{"@type":"PropertyValueSpecification","valueRequired":true,"valueName":"search_term_string"}}],"inLanguage":"en-US"},{"@type":"Organization","@id":"https:\/\/www.vinosiberian.com\/en\/#organization","name":"Vinos Iberian","url":"https:\/\/www.vinosiberian.com\/en\/","logo":{"@type":"ImageObject","inLanguage":"en-US","@id":"https:\/\/www.vinosiberian.com\/en\/#\/schema\/logo\/image\/","url":"https:\/\/www.vinosiberian.com\/wp-content\/uploads\/2022\/10\/Horiz-IBERIAN.svg","contentUrl":"https:\/\/www.vinosiberian.com\/wp-content\/uploads\/2022\/10\/Horiz-IBERIAN.svg","width":690,"height":208,"caption":"Vinos Iberian"},"image":{"@id":"https:\/\/www.vinosiberian.com\/en\/#\/schema\/logo\/image\/"}}]}},"_links":{"self":[{"href":"https:\/\/www.vinosiberian.com\/en\/wp-json\/wp\/v2\/product\/7751","targetHints":{"allow":["GET"]}}],"collection":[{"href":"https:\/\/www.vinosiberian.com\/en\/wp-json\/wp\/v2\/product"}],"about":[{"href":"https:\/\/www.vinosiberian.com\/en\/wp-json\/wp\/v2\/types\/product"}],"version-history":[{"count":7,"href":"https:\/\/www.vinosiberian.com\/en\/wp-json\/wp\/v2\/product\/7751\/revisions"}],"predecessor-version":[{"id":9824,"href":"https:\/\/www.vinosiberian.com\/en\/wp-json\/wp\/v2\/product\/7751\/revisions\/9824"}],"wp:featuredmedia":[{"embeddable":true,"href":"https:\/\/www.vinosiberian.com\/en\/wp-json\/wp\/v2\/media\/9822"}],"wp:attachment":[{"href":"https:\/\/www.vinosiberian.com\/en\/wp-json\/wp\/v2\/media?parent=7751"}],"wp:term":[{"taxonomy":"product_brand","embeddable":true,"href":"https:\/\/www.vinosiberian.com\/en\/wp-json\/wp\/v2\/product_brand?post=7751"},{"taxonomy":"product_cat","embeddable":true,"href":"https:\/\/www.vinosiberian.com\/en\/wp-json\/wp\/v2\/product_cat?post=7751"},{"taxonomy":"product_tag","embeddable":true,"href":"https:\/\/www.vinosiberian.com\/en\/wp-json\/wp\/v2\/product_tag?post=7751"}],"curies":[{"name":"wp","href":"https:\/\/api.w.org\/{rel}","templated":true}]}}