{"id":7804,"date":"2024-11-14T17:55:00","date_gmt":"2024-11-14T15:55:00","guid":{"rendered":"https:\/\/www.vinosiberian.com\/?post_type=product&#038;p=7804"},"modified":"2026-03-05T13:41:35","modified_gmt":"2026-03-05T12:41:35","slug":"magnum-vino-jaros-roble-2023","status":"publish","type":"product","link":"https:\/\/www.vinosiberian.com\/en\/producto\/magnum-vino-jaros-roble-2023\/","title":{"rendered":"Jaros Roble 2023 Magnum"},"content":{"rendered":"<p>El Jaros Roble 2023 en formato Magnum es una representaci\u00f3n fresca y expresiva de la Ribera del Duero. Elaborado con Tinto Fino, este vino destaca por sus aromas de frutos rojos y su delicado paso por barrica de roble, que a\u00f1ade estructura sin opacar su vibrante perfil frutal. Su car\u00e1cter joven, unido al formato Magnum, asegura una excelente evoluci\u00f3n en botella, ofreciendo una experiencia afrutada y envolvente perfecta para disfrutar en celebraciones.<\/p>\n","protected":false},"excerpt":{"rendered":"<p>Al\u00e9rgenos:<strong> Contiene sulfitos<\/strong><\/p>\n","protected":false},"featured_media":9339,"template":"","meta":{"_acf_changed":false},"product_brand":[],"product_cat":[23],"product_tag":[],"class_list":{"0":"post-7804","1":"product","2":"type-product","3":"status-publish","4":"has-post-thumbnail","6":"product_cat-vinos-ribera-del-duero","8":"first","9":"instock","10":"shipping-taxable","11":"purchasable","12":"product-type-simple"},"acf":[],"yoast_head":"<!-- This site is optimized with the Yoast SEO plugin v27.4 - https:\/\/yoast.com\/product\/yoast-seo-wordpress\/ -->\n<title>Jaros Roble 2023 Magnum - Vinos Iberian<\/title>\n<meta name=\"robots\" content=\"index, follow, max-snippet:-1, max-image-preview:large, max-video-preview:-1\" \/>\n<link rel=\"canonical\" href=\"https:\/\/www.vinosiberian.com\/en\/producto\/magnum-vino-jaros-roble-2023\/\" \/>\n<meta property=\"og:locale\" content=\"en_US\" \/>\n<meta property=\"og:type\" content=\"article\" \/>\n<meta property=\"og:title\" content=\"Jaros Roble 2023 Magnum - Vinos Iberian\" \/>\n<meta property=\"og:description\" content=\"Al\u00e9rgenos: Contiene sulfitos\" \/>\n<meta property=\"og:url\" content=\"https:\/\/www.vinosiberian.com\/en\/producto\/magnum-vino-jaros-roble-2023\/\" \/>\n<meta property=\"og:site_name\" content=\"Vinos Iberian\" \/>\n<meta property=\"article:modified_time\" content=\"2026-03-05T12:41:35+00:00\" \/>\n<meta property=\"og:image\" content=\"https:\/\/www.vinosiberian.com\/wp-content\/uploads\/2024\/04\/JAROS-ROBLE-2023.png\" \/>\n\t<meta property=\"og:image:width\" content=\"1200\" \/>\n\t<meta property=\"og:image:height\" content=\"1200\" \/>\n\t<meta property=\"og:image:type\" content=\"image\/png\" \/>\n<meta name=\"twitter:card\" content=\"summary_large_image\" \/>\n<meta name=\"twitter:label1\" content=\"Est. reading time\" \/>\n\t<meta name=\"twitter:data1\" content=\"1 minute\" \/>\n<script type=\"application\/ld+json\" class=\"yoast-schema-graph\">{\"@context\":\"https:\\\/\\\/schema.org\",\"@graph\":[{\"@type\":\"WebPage\",\"@id\":\"https:\\\/\\\/www.vinosiberian.com\\\/en\\\/producto\\\/magnum-vino-jaros-roble-2023\\\/\",\"url\":\"https:\\\/\\\/www.vinosiberian.com\\\/en\\\/producto\\\/magnum-vino-jaros-roble-2023\\\/\",\"name\":\"Jaros Roble 2023 Magnum - Vinos Iberian\",\"isPartOf\":{\"@id\":\"https:\\\/\\\/www.vinosiberian.com\\\/en\\\/#website\"},\"primaryImageOfPage\":{\"@id\":\"https:\\\/\\\/www.vinosiberian.com\\\/en\\\/producto\\\/magnum-vino-jaros-roble-2023\\\/#primaryimage\"},\"image\":{\"@id\":\"https:\\\/\\\/www.vinosiberian.com\\\/en\\\/producto\\\/magnum-vino-jaros-roble-2023\\\/#primaryimage\"},\"thumbnailUrl\":\"https:\\\/\\\/www.vinosiberian.com\\\/wp-content\\\/uploads\\\/2024\\\/04\\\/JAROS-ROBLE-2023.png\",\"datePublished\":\"2024-11-14T15:55:00+00:00\",\"dateModified\":\"2026-03-05T12:41:35+00:00\",\"breadcrumb\":{\"@id\":\"https:\\\/\\\/www.vinosiberian.com\\\/en\\\/producto\\\/magnum-vino-jaros-roble-2023\\\/#breadcrumb\"},\"inLanguage\":\"en-US\",\"potentialAction\":[{\"@type\":\"ReadAction\",\"target\":[\"https:\\\/\\\/www.vinosiberian.com\\\/en\\\/producto\\\/magnum-vino-jaros-roble-2023\\\/\"]}]},{\"@type\":\"ImageObject\",\"inLanguage\":\"en-US\",\"@id\":\"https:\\\/\\\/www.vinosiberian.com\\\/en\\\/producto\\\/magnum-vino-jaros-roble-2023\\\/#primaryimage\",\"url\":\"https:\\\/\\\/www.vinosiberian.com\\\/wp-content\\\/uploads\\\/2024\\\/04\\\/JAROS-ROBLE-2023.png\",\"contentUrl\":\"https:\\\/\\\/www.vinosiberian.com\\\/wp-content\\\/uploads\\\/2024\\\/04\\\/JAROS-ROBLE-2023.png\",\"width\":1200,\"height\":1200},{\"@type\":\"BreadcrumbList\",\"@id\":\"https:\\\/\\\/www.vinosiberian.com\\\/en\\\/producto\\\/magnum-vino-jaros-roble-2023\\\/#breadcrumb\",\"itemListElement\":[{\"@type\":\"ListItem\",\"position\":1,\"name\":\"Inicio\",\"item\":\"https:\\\/\\\/www.vinosiberian.com\\\/en\\\/\"},{\"@type\":\"ListItem\",\"position\":2,\"name\":\"Store\",\"item\":\"https:\\\/\\\/www.vinosiberian.com\\\/en\\\/shop\\\/\"},{\"@type\":\"ListItem\",\"position\":3,\"name\":\"Ribera del Duero\",\"item\":\"https:\\\/\\\/www.vinosiberian.com\\\/en\\\/categoria-producto\\\/ribera-del-duero-en\\\/\"},{\"@type\":\"ListItem\",\"position\":4,\"name\":\"Jaros Roble 2023 Magnum\"}]},{\"@type\":\"WebSite\",\"@id\":\"https:\\\/\\\/www.vinosiberian.com\\\/en\\\/#website\",\"url\":\"https:\\\/\\\/www.vinosiberian.com\\\/en\\\/\",\"name\":\"Vinos Iberian\",\"description\":\"Tienda de vinos de la Compa\u00f1\u00eda de Vi\u00f1edos Iberian\",\"publisher\":{\"@id\":\"https:\\\/\\\/www.vinosiberian.com\\\/en\\\/#organization\"},\"potentialAction\":[{\"@type\":\"SearchAction\",\"target\":{\"@type\":\"EntryPoint\",\"urlTemplate\":\"https:\\\/\\\/www.vinosiberian.com\\\/en\\\/?s={search_term_string}\"},\"query-input\":{\"@type\":\"PropertyValueSpecification\",\"valueRequired\":true,\"valueName\":\"search_term_string\"}}],\"inLanguage\":\"en-US\"},{\"@type\":\"Organization\",\"@id\":\"https:\\\/\\\/www.vinosiberian.com\\\/en\\\/#organization\",\"name\":\"Vinos Iberian\",\"url\":\"https:\\\/\\\/www.vinosiberian.com\\\/en\\\/\",\"logo\":{\"@type\":\"ImageObject\",\"inLanguage\":\"en-US\",\"@id\":\"https:\\\/\\\/www.vinosiberian.com\\\/en\\\/#\\\/schema\\\/logo\\\/image\\\/\",\"url\":\"https:\\\/\\\/www.vinosiberian.com\\\/wp-content\\\/uploads\\\/2022\\\/10\\\/Horiz-IBERIAN.svg\",\"contentUrl\":\"https:\\\/\\\/www.vinosiberian.com\\\/wp-content\\\/uploads\\\/2022\\\/10\\\/Horiz-IBERIAN.svg\",\"width\":690,\"height\":208,\"caption\":\"Vinos Iberian\"},\"image\":{\"@id\":\"https:\\\/\\\/www.vinosiberian.com\\\/en\\\/#\\\/schema\\\/logo\\\/image\\\/\"}}]}<\/script>\n<!-- \/ Yoast SEO plugin. -->","yoast_head_json":{"title":"Jaros Roble 2023 Magnum - Vinos Iberian","robots":{"index":"index","follow":"follow","max-snippet":"max-snippet:-1","max-image-preview":"max-image-preview:large","max-video-preview":"max-video-preview:-1"},"canonical":"https:\/\/www.vinosiberian.com\/en\/producto\/magnum-vino-jaros-roble-2023\/","og_locale":"en_US","og_type":"article","og_title":"Jaros Roble 2023 Magnum - Vinos Iberian","og_description":"Al\u00e9rgenos: Contiene sulfitos","og_url":"https:\/\/www.vinosiberian.com\/en\/producto\/magnum-vino-jaros-roble-2023\/","og_site_name":"Vinos Iberian","article_modified_time":"2026-03-05T12:41:35+00:00","og_image":[{"width":1200,"height":1200,"url":"https:\/\/www.vinosiberian.com\/wp-content\/uploads\/2024\/04\/JAROS-ROBLE-2023.png","type":"image\/png"}],"twitter_card":"summary_large_image","twitter_misc":{"Est. reading time":"1 minute"},"schema":{"@context":"https:\/\/schema.org","@graph":[{"@type":"WebPage","@id":"https:\/\/www.vinosiberian.com\/en\/producto\/magnum-vino-jaros-roble-2023\/","url":"https:\/\/www.vinosiberian.com\/en\/producto\/magnum-vino-jaros-roble-2023\/","name":"Jaros Roble 2023 Magnum - Vinos Iberian","isPartOf":{"@id":"https:\/\/www.vinosiberian.com\/en\/#website"},"primaryImageOfPage":{"@id":"https:\/\/www.vinosiberian.com\/en\/producto\/magnum-vino-jaros-roble-2023\/#primaryimage"},"image":{"@id":"https:\/\/www.vinosiberian.com\/en\/producto\/magnum-vino-jaros-roble-2023\/#primaryimage"},"thumbnailUrl":"https:\/\/www.vinosiberian.com\/wp-content\/uploads\/2024\/04\/JAROS-ROBLE-2023.png","datePublished":"2024-11-14T15:55:00+00:00","dateModified":"2026-03-05T12:41:35+00:00","breadcrumb":{"@id":"https:\/\/www.vinosiberian.com\/en\/producto\/magnum-vino-jaros-roble-2023\/#breadcrumb"},"inLanguage":"en-US","potentialAction":[{"@type":"ReadAction","target":["https:\/\/www.vinosiberian.com\/en\/producto\/magnum-vino-jaros-roble-2023\/"]}]},{"@type":"ImageObject","inLanguage":"en-US","@id":"https:\/\/www.vinosiberian.com\/en\/producto\/magnum-vino-jaros-roble-2023\/#primaryimage","url":"https:\/\/www.vinosiberian.com\/wp-content\/uploads\/2024\/04\/JAROS-ROBLE-2023.png","contentUrl":"https:\/\/www.vinosiberian.com\/wp-content\/uploads\/2024\/04\/JAROS-ROBLE-2023.png","width":1200,"height":1200},{"@type":"BreadcrumbList","@id":"https:\/\/www.vinosiberian.com\/en\/producto\/magnum-vino-jaros-roble-2023\/#breadcrumb","itemListElement":[{"@type":"ListItem","position":1,"name":"Inicio","item":"https:\/\/www.vinosiberian.com\/en\/"},{"@type":"ListItem","position":2,"name":"Store","item":"https:\/\/www.vinosiberian.com\/en\/shop\/"},{"@type":"ListItem","position":3,"name":"Ribera del Duero","item":"https:\/\/www.vinosiberian.com\/en\/categoria-producto\/ribera-del-duero-en\/"},{"@type":"ListItem","position":4,"name":"Jaros Roble 2023 Magnum"}]},{"@type":"WebSite","@id":"https:\/\/www.vinosiberian.com\/en\/#website","url":"https:\/\/www.vinosiberian.com\/en\/","name":"Vinos Iberian","description":"Tienda de vinos de la Compa\u00f1\u00eda de Vi\u00f1edos Iberian","publisher":{"@id":"https:\/\/www.vinosiberian.com\/en\/#organization"},"potentialAction":[{"@type":"SearchAction","target":{"@type":"EntryPoint","urlTemplate":"https:\/\/www.vinosiberian.com\/en\/?s={search_term_string}"},"query-input":{"@type":"PropertyValueSpecification","valueRequired":true,"valueName":"search_term_string"}}],"inLanguage":"en-US"},{"@type":"Organization","@id":"https:\/\/www.vinosiberian.com\/en\/#organization","name":"Vinos Iberian","url":"https:\/\/www.vinosiberian.com\/en\/","logo":{"@type":"ImageObject","inLanguage":"en-US","@id":"https:\/\/www.vinosiberian.com\/en\/#\/schema\/logo\/image\/","url":"https:\/\/www.vinosiberian.com\/wp-content\/uploads\/2022\/10\/Horiz-IBERIAN.svg","contentUrl":"https:\/\/www.vinosiberian.com\/wp-content\/uploads\/2022\/10\/Horiz-IBERIAN.svg","width":690,"height":208,"caption":"Vinos Iberian"},"image":{"@id":"https:\/\/www.vinosiberian.com\/en\/#\/schema\/logo\/image\/"}}]}},"_links":{"self":[{"href":"https:\/\/www.vinosiberian.com\/en\/wp-json\/wp\/v2\/product\/7804","targetHints":{"allow":["GET"]}}],"collection":[{"href":"https:\/\/www.vinosiberian.com\/en\/wp-json\/wp\/v2\/product"}],"about":[{"href":"https:\/\/www.vinosiberian.com\/en\/wp-json\/wp\/v2\/types\/product"}],"version-history":[{"count":5,"href":"https:\/\/www.vinosiberian.com\/en\/wp-json\/wp\/v2\/product\/7804\/revisions"}],"predecessor-version":[{"id":9742,"href":"https:\/\/www.vinosiberian.com\/en\/wp-json\/wp\/v2\/product\/7804\/revisions\/9742"}],"wp:featuredmedia":[{"embeddable":true,"href":"https:\/\/www.vinosiberian.com\/en\/wp-json\/wp\/v2\/media\/9339"}],"wp:attachment":[{"href":"https:\/\/www.vinosiberian.com\/en\/wp-json\/wp\/v2\/media?parent=7804"}],"wp:term":[{"taxonomy":"product_brand","embeddable":true,"href":"https:\/\/www.vinosiberian.com\/en\/wp-json\/wp\/v2\/product_brand?post=7804"},{"taxonomy":"product_cat","embeddable":true,"href":"https:\/\/www.vinosiberian.com\/en\/wp-json\/wp\/v2\/product_cat?post=7804"},{"taxonomy":"product_tag","embeddable":true,"href":"https:\/\/www.vinosiberian.com\/en\/wp-json\/wp\/v2\/product_tag?post=7804"}],"curies":[{"name":"wp","href":"https:\/\/api.w.org\/{rel}","templated":true}]}}