{"id":7808,"date":"2024-11-14T17:53:19","date_gmt":"2024-11-14T15:53:19","guid":{"rendered":"https:\/\/www.vinosiberian.com\/?post_type=product&#038;p=7808"},"modified":"2026-03-19T15:42:15","modified_gmt":"2026-03-19T14:42:15","slug":"magnum-vino-chafandin-2022","status":"publish","type":"product","link":"https:\/\/www.vinosiberian.com\/en\/producto\/magnum-vino-chafandin-2022\/","title":{"rendered":"Chafand\u00edn 2022 150 cl"},"content":{"rendered":"<p>El Chafand\u00edn 2022 150 cl es un vino que captura la complejidad de la Ribera del Duero. Con una base de Tinto Fino y una crianza cuidadosa, este vino ofrece una rica paleta arom\u00e1tica de frutas negras, regaliz, y toques minerales. Su cuerpo pleno y textura aterciopelada, junto con taninos finos, dan lugar a un vino con gran capacidad de guarda. Este Magnum es una opci\u00f3n ideal para los amantes de los tintos con profundidad y sofisticaci\u00f3n, perfecto para ocasiones especiales.<\/p>\n","protected":false},"excerpt":{"rendered":"<p>Al\u00e9rgenos:<strong> Contiene sulfitos<\/strong><\/p>\n","protected":false},"featured_media":9826,"template":"","meta":{"_acf_changed":false},"product_brand":[],"product_cat":[23],"product_tag":[],"class_list":{"0":"post-7808","1":"product","2":"type-product","3":"status-publish","4":"has-post-thumbnail","6":"product_cat-vinos-ribera-del-duero","8":"first","9":"instock","10":"shipping-taxable","11":"purchasable","12":"product-type-simple"},"acf":[],"yoast_head":"<!-- This site is optimized with the Yoast SEO plugin v27.3 - https:\/\/yoast.com\/product\/yoast-seo-wordpress\/ -->\n<title>Chafand\u00edn 2022 150 cl - Vinos Iberian<\/title>\n<meta name=\"robots\" content=\"index, follow, max-snippet:-1, max-image-preview:large, max-video-preview:-1\" \/>\n<link rel=\"canonical\" href=\"https:\/\/www.vinosiberian.com\/en\/producto\/magnum-vino-chafandin-2022\/\" \/>\n<meta property=\"og:locale\" content=\"en_US\" \/>\n<meta property=\"og:type\" content=\"article\" \/>\n<meta property=\"og:title\" content=\"Chafand\u00edn 2022 150 cl - Vinos Iberian\" \/>\n<meta property=\"og:description\" content=\"Al\u00e9rgenos: Contiene sulfitos\" \/>\n<meta property=\"og:url\" content=\"https:\/\/www.vinosiberian.com\/en\/producto\/magnum-vino-chafandin-2022\/\" \/>\n<meta property=\"og:site_name\" content=\"Vinos Iberian\" \/>\n<meta property=\"article:modified_time\" content=\"2026-03-19T14:42:15+00:00\" \/>\n<meta property=\"og:image\" content=\"https:\/\/www.vinosiberian.com\/wp-content\/uploads\/2024\/11\/CHAFANDIN-2022.png\" \/>\n\t<meta property=\"og:image:width\" content=\"1200\" \/>\n\t<meta property=\"og:image:height\" content=\"1200\" \/>\n\t<meta property=\"og:image:type\" content=\"image\/png\" \/>\n<meta name=\"twitter:card\" content=\"summary_large_image\" \/>\n<meta name=\"twitter:label1\" content=\"Est. reading time\" \/>\n\t<meta name=\"twitter:data1\" content=\"1 minute\" \/>\n<script type=\"application\/ld+json\" class=\"yoast-schema-graph\">{\"@context\":\"https:\\\/\\\/schema.org\",\"@graph\":[{\"@type\":\"WebPage\",\"@id\":\"https:\\\/\\\/www.vinosiberian.com\\\/en\\\/producto\\\/magnum-vino-chafandin-2022\\\/\",\"url\":\"https:\\\/\\\/www.vinosiberian.com\\\/en\\\/producto\\\/magnum-vino-chafandin-2022\\\/\",\"name\":\"Chafand\u00edn 2022 150 cl - Vinos Iberian\",\"isPartOf\":{\"@id\":\"https:\\\/\\\/www.vinosiberian.com\\\/en\\\/#website\"},\"primaryImageOfPage\":{\"@id\":\"https:\\\/\\\/www.vinosiberian.com\\\/en\\\/producto\\\/magnum-vino-chafandin-2022\\\/#primaryimage\"},\"image\":{\"@id\":\"https:\\\/\\\/www.vinosiberian.com\\\/en\\\/producto\\\/magnum-vino-chafandin-2022\\\/#primaryimage\"},\"thumbnailUrl\":\"https:\\\/\\\/www.vinosiberian.com\\\/wp-content\\\/uploads\\\/2024\\\/11\\\/CHAFANDIN-2022.png\",\"datePublished\":\"2024-11-14T15:53:19+00:00\",\"dateModified\":\"2026-03-19T14:42:15+00:00\",\"breadcrumb\":{\"@id\":\"https:\\\/\\\/www.vinosiberian.com\\\/en\\\/producto\\\/magnum-vino-chafandin-2022\\\/#breadcrumb\"},\"inLanguage\":\"en-US\",\"potentialAction\":[{\"@type\":\"ReadAction\",\"target\":[\"https:\\\/\\\/www.vinosiberian.com\\\/en\\\/producto\\\/magnum-vino-chafandin-2022\\\/\"]}]},{\"@type\":\"ImageObject\",\"inLanguage\":\"en-US\",\"@id\":\"https:\\\/\\\/www.vinosiberian.com\\\/en\\\/producto\\\/magnum-vino-chafandin-2022\\\/#primaryimage\",\"url\":\"https:\\\/\\\/www.vinosiberian.com\\\/wp-content\\\/uploads\\\/2024\\\/11\\\/CHAFANDIN-2022.png\",\"contentUrl\":\"https:\\\/\\\/www.vinosiberian.com\\\/wp-content\\\/uploads\\\/2024\\\/11\\\/CHAFANDIN-2022.png\",\"width\":1200,\"height\":1200},{\"@type\":\"BreadcrumbList\",\"@id\":\"https:\\\/\\\/www.vinosiberian.com\\\/en\\\/producto\\\/magnum-vino-chafandin-2022\\\/#breadcrumb\",\"itemListElement\":[{\"@type\":\"ListItem\",\"position\":1,\"name\":\"Inicio\",\"item\":\"https:\\\/\\\/www.vinosiberian.com\\\/en\\\/\"},{\"@type\":\"ListItem\",\"position\":2,\"name\":\"Store\",\"item\":\"https:\\\/\\\/www.vinosiberian.com\\\/en\\\/shop\\\/\"},{\"@type\":\"ListItem\",\"position\":3,\"name\":\"Ribera del Duero\",\"item\":\"https:\\\/\\\/www.vinosiberian.com\\\/en\\\/categoria-producto\\\/ribera-del-duero-en\\\/\"},{\"@type\":\"ListItem\",\"position\":4,\"name\":\"Chafand\u00edn 2022 150 cl\"}]},{\"@type\":\"WebSite\",\"@id\":\"https:\\\/\\\/www.vinosiberian.com\\\/en\\\/#website\",\"url\":\"https:\\\/\\\/www.vinosiberian.com\\\/en\\\/\",\"name\":\"Vinos Iberian\",\"description\":\"Tienda de vinos de la Compa\u00f1\u00eda de Vi\u00f1edos Iberian\",\"publisher\":{\"@id\":\"https:\\\/\\\/www.vinosiberian.com\\\/en\\\/#organization\"},\"potentialAction\":[{\"@type\":\"SearchAction\",\"target\":{\"@type\":\"EntryPoint\",\"urlTemplate\":\"https:\\\/\\\/www.vinosiberian.com\\\/en\\\/?s={search_term_string}\"},\"query-input\":{\"@type\":\"PropertyValueSpecification\",\"valueRequired\":true,\"valueName\":\"search_term_string\"}}],\"inLanguage\":\"en-US\"},{\"@type\":\"Organization\",\"@id\":\"https:\\\/\\\/www.vinosiberian.com\\\/en\\\/#organization\",\"name\":\"Vinos Iberian\",\"url\":\"https:\\\/\\\/www.vinosiberian.com\\\/en\\\/\",\"logo\":{\"@type\":\"ImageObject\",\"inLanguage\":\"en-US\",\"@id\":\"https:\\\/\\\/www.vinosiberian.com\\\/en\\\/#\\\/schema\\\/logo\\\/image\\\/\",\"url\":\"https:\\\/\\\/www.vinosiberian.com\\\/wp-content\\\/uploads\\\/2022\\\/10\\\/Horiz-IBERIAN.svg\",\"contentUrl\":\"https:\\\/\\\/www.vinosiberian.com\\\/wp-content\\\/uploads\\\/2022\\\/10\\\/Horiz-IBERIAN.svg\",\"width\":690,\"height\":208,\"caption\":\"Vinos Iberian\"},\"image\":{\"@id\":\"https:\\\/\\\/www.vinosiberian.com\\\/en\\\/#\\\/schema\\\/logo\\\/image\\\/\"}}]}<\/script>\n<!-- \/ Yoast SEO plugin. -->","yoast_head_json":{"title":"Chafand\u00edn 2022 150 cl - Vinos Iberian","robots":{"index":"index","follow":"follow","max-snippet":"max-snippet:-1","max-image-preview":"max-image-preview:large","max-video-preview":"max-video-preview:-1"},"canonical":"https:\/\/www.vinosiberian.com\/en\/producto\/magnum-vino-chafandin-2022\/","og_locale":"en_US","og_type":"article","og_title":"Chafand\u00edn 2022 150 cl - Vinos Iberian","og_description":"Al\u00e9rgenos: Contiene sulfitos","og_url":"https:\/\/www.vinosiberian.com\/en\/producto\/magnum-vino-chafandin-2022\/","og_site_name":"Vinos Iberian","article_modified_time":"2026-03-19T14:42:15+00:00","og_image":[{"width":1200,"height":1200,"url":"https:\/\/www.vinosiberian.com\/wp-content\/uploads\/2024\/11\/CHAFANDIN-2022.png","type":"image\/png"}],"twitter_card":"summary_large_image","twitter_misc":{"Est. reading time":"1 minute"},"schema":{"@context":"https:\/\/schema.org","@graph":[{"@type":"WebPage","@id":"https:\/\/www.vinosiberian.com\/en\/producto\/magnum-vino-chafandin-2022\/","url":"https:\/\/www.vinosiberian.com\/en\/producto\/magnum-vino-chafandin-2022\/","name":"Chafand\u00edn 2022 150 cl - Vinos Iberian","isPartOf":{"@id":"https:\/\/www.vinosiberian.com\/en\/#website"},"primaryImageOfPage":{"@id":"https:\/\/www.vinosiberian.com\/en\/producto\/magnum-vino-chafandin-2022\/#primaryimage"},"image":{"@id":"https:\/\/www.vinosiberian.com\/en\/producto\/magnum-vino-chafandin-2022\/#primaryimage"},"thumbnailUrl":"https:\/\/www.vinosiberian.com\/wp-content\/uploads\/2024\/11\/CHAFANDIN-2022.png","datePublished":"2024-11-14T15:53:19+00:00","dateModified":"2026-03-19T14:42:15+00:00","breadcrumb":{"@id":"https:\/\/www.vinosiberian.com\/en\/producto\/magnum-vino-chafandin-2022\/#breadcrumb"},"inLanguage":"en-US","potentialAction":[{"@type":"ReadAction","target":["https:\/\/www.vinosiberian.com\/en\/producto\/magnum-vino-chafandin-2022\/"]}]},{"@type":"ImageObject","inLanguage":"en-US","@id":"https:\/\/www.vinosiberian.com\/en\/producto\/magnum-vino-chafandin-2022\/#primaryimage","url":"https:\/\/www.vinosiberian.com\/wp-content\/uploads\/2024\/11\/CHAFANDIN-2022.png","contentUrl":"https:\/\/www.vinosiberian.com\/wp-content\/uploads\/2024\/11\/CHAFANDIN-2022.png","width":1200,"height":1200},{"@type":"BreadcrumbList","@id":"https:\/\/www.vinosiberian.com\/en\/producto\/magnum-vino-chafandin-2022\/#breadcrumb","itemListElement":[{"@type":"ListItem","position":1,"name":"Inicio","item":"https:\/\/www.vinosiberian.com\/en\/"},{"@type":"ListItem","position":2,"name":"Store","item":"https:\/\/www.vinosiberian.com\/en\/shop\/"},{"@type":"ListItem","position":3,"name":"Ribera del Duero","item":"https:\/\/www.vinosiberian.com\/en\/categoria-producto\/ribera-del-duero-en\/"},{"@type":"ListItem","position":4,"name":"Chafand\u00edn 2022 150 cl"}]},{"@type":"WebSite","@id":"https:\/\/www.vinosiberian.com\/en\/#website","url":"https:\/\/www.vinosiberian.com\/en\/","name":"Vinos Iberian","description":"Tienda de vinos de la Compa\u00f1\u00eda de Vi\u00f1edos Iberian","publisher":{"@id":"https:\/\/www.vinosiberian.com\/en\/#organization"},"potentialAction":[{"@type":"SearchAction","target":{"@type":"EntryPoint","urlTemplate":"https:\/\/www.vinosiberian.com\/en\/?s={search_term_string}"},"query-input":{"@type":"PropertyValueSpecification","valueRequired":true,"valueName":"search_term_string"}}],"inLanguage":"en-US"},{"@type":"Organization","@id":"https:\/\/www.vinosiberian.com\/en\/#organization","name":"Vinos Iberian","url":"https:\/\/www.vinosiberian.com\/en\/","logo":{"@type":"ImageObject","inLanguage":"en-US","@id":"https:\/\/www.vinosiberian.com\/en\/#\/schema\/logo\/image\/","url":"https:\/\/www.vinosiberian.com\/wp-content\/uploads\/2022\/10\/Horiz-IBERIAN.svg","contentUrl":"https:\/\/www.vinosiberian.com\/wp-content\/uploads\/2022\/10\/Horiz-IBERIAN.svg","width":690,"height":208,"caption":"Vinos Iberian"},"image":{"@id":"https:\/\/www.vinosiberian.com\/en\/#\/schema\/logo\/image\/"}}]}},"_links":{"self":[{"href":"https:\/\/www.vinosiberian.com\/en\/wp-json\/wp\/v2\/product\/7808","targetHints":{"allow":["GET"]}}],"collection":[{"href":"https:\/\/www.vinosiberian.com\/en\/wp-json\/wp\/v2\/product"}],"about":[{"href":"https:\/\/www.vinosiberian.com\/en\/wp-json\/wp\/v2\/types\/product"}],"version-history":[{"count":6,"href":"https:\/\/www.vinosiberian.com\/en\/wp-json\/wp\/v2\/product\/7808\/revisions"}],"predecessor-version":[{"id":9828,"href":"https:\/\/www.vinosiberian.com\/en\/wp-json\/wp\/v2\/product\/7808\/revisions\/9828"}],"wp:featuredmedia":[{"embeddable":true,"href":"https:\/\/www.vinosiberian.com\/en\/wp-json\/wp\/v2\/media\/9826"}],"wp:attachment":[{"href":"https:\/\/www.vinosiberian.com\/en\/wp-json\/wp\/v2\/media?parent=7808"}],"wp:term":[{"taxonomy":"product_brand","embeddable":true,"href":"https:\/\/www.vinosiberian.com\/en\/wp-json\/wp\/v2\/product_brand?post=7808"},{"taxonomy":"product_cat","embeddable":true,"href":"https:\/\/www.vinosiberian.com\/en\/wp-json\/wp\/v2\/product_cat?post=7808"},{"taxonomy":"product_tag","embeddable":true,"href":"https:\/\/www.vinosiberian.com\/en\/wp-json\/wp\/v2\/product_tag?post=7808"}],"curies":[{"name":"wp","href":"https:\/\/api.w.org\/{rel}","templated":true}]}}