{"id":7842,"date":"2024-11-04T18:43:29","date_gmt":"2024-11-04T16:43:29","guid":{"rendered":"https:\/\/www.vinosiberian.com\/?post_type=product&#038;p=7842"},"modified":"2026-04-15T16:28:29","modified_gmt":"2026-04-15T14:28:29","slug":"jaros-seleccion-9-meses","status":"publish","type":"product","link":"https:\/\/www.vinosiberian.com\/en\/producto\/jaros-seleccion-9-meses\/","title":{"rendered":"Jaros Selecci\u00f3n 9 Meses"},"content":{"rendered":"<p>Jaros Selecci\u00f3n 9 Meses 2023 proviene de una cosecha que se destac\u00f3 por su clima variado, desde un verano caluroso hasta lluvias generosas en oto\u00f1o, lo que permiti\u00f3 una maduraci\u00f3n perfecta de las uvas. Elaborado en la finca Vi\u00f1as del Jaro, este vino es 100% Tempranillo, con una crianza de 9 meses en barricas de roble franc\u00e9s y americano. En nariz, se despliega una intensidad arom\u00e1tica de frutas rojas frescas, con notas dulces que evocan yogur de fresa y matices de vainilla. En boca, ofrece una entrada suave y frutal, con un toque goloso y fresco. Perfecto para acompa\u00f1ar carnes, embutidos y tapas, es un vino que seduce por su frescura y equilibrio en cada sorbo.<\/p>\n<div class=\"container-boton-ficha\"><a class=\"boton-ficha-pdf\" href=\"https:\/\/www.vinosiberian.com\/wp-content\/uploads\/2026\/04\/Jaros-Seleccion-9.pdf\" target=\"_blank\" rel=\"noreferrer noopener\">DESCARGAR FICHA<\/a><\/div>\n","protected":false},"excerpt":{"rendered":"<table style=\"width: 100%; border-collapse: collapse;\">\n<tbody>\n<tr>\n<td style=\"padding: 8px; border-bottom: 1px solid #ddd;\">Bodega<\/td>\n<td style=\"padding: 8px; border-bottom: 1px solid #ddd;\"><strong>Vi\u00f1as del Jaro<\/strong><\/td>\n<\/tr>\n<tr>\n<td style=\"padding: 8px; border-bottom: 1px solid #ddd;\">Variedades<\/td>\n<td style=\"padding: 8px; border-bottom: 1px solid #ddd;\"><strong>100% Tempranillo<\/strong><\/td>\n<\/tr>\n<tr>\n<td style=\"padding: 8px; border-bottom: 1px solid #ddd;\">Alcohol<\/td>\n<td style=\"padding: 8px; border-bottom: 1px solid #ddd;\"><strong>14,0% vol.<\/strong><\/td>\n<\/tr>\n<tr>\n<td style=\"padding: 8px; border-bottom: 1px solid #ddd;\">Crianza<\/td>\n<td style=\"padding: 8px; border-bottom: 1px solid #ddd;\"><strong>9 meses en barricas de roble franc\u00e9s y americano de 300 L<\/strong><\/td>\n<\/tr>\n<tr>\n<td style=\"padding: 8px; border-bottom: 1px solid #ddd;\">Fermentaci\u00f3n y Maceraci\u00f3n<\/td>\n<td style=\"padding: 8px; border-bottom: 1px solid #ddd;\"><strong>20 d\u00edas en encubado con fermentaci\u00f3n alcoh\u00f3lica y malol\u00e1ctica en acero inoxidable<\/strong><\/td>\n<\/tr>\n<tr>\n<td style=\"padding: 8px; border-bottom: 1px solid #ddd;\">Al\u00e9rgenos<\/td>\n<td style=\"padding: 8px; border-bottom: 1px solid #ddd;\"><strong>Contiene sulfitos<\/strong><\/td>\n<\/tr>\n<tr>\n<td style=\"padding: 8px; border-bottom: 1px solid #ddd;\">Volumen en ml<\/td>\n<td style=\"padding: 8px; border-bottom: 1px solid #ddd;\"><strong>750 ml<\/strong><\/td>\n<\/tr>\n<\/tbody>\n<\/table>\n","protected":false},"featured_media":7843,"template":"","meta":{"_acf_changed":false},"product_brand":[],"product_cat":[23],"product_tag":[],"class_list":{"0":"post-7842","1":"product","2":"type-product","3":"status-publish","4":"has-post-thumbnail","6":"product_cat-vinos-ribera-del-duero","8":"first","9":"instock","10":"shipping-taxable","11":"purchasable","12":"product-type-simple"},"acf":[],"yoast_head":"<!-- This site is optimized with the Yoast SEO plugin v27.4 - https:\/\/yoast.com\/product\/yoast-seo-wordpress\/ -->\n<title>Jaros Selecci\u00f3n 9 Meses - Vinos Iberian<\/title>\n<meta name=\"robots\" content=\"index, follow, max-snippet:-1, max-image-preview:large, max-video-preview:-1\" \/>\n<link rel=\"canonical\" href=\"https:\/\/www.vinosiberian.com\/en\/producto\/jaros-seleccion-9-meses\/\" \/>\n<meta property=\"og:locale\" content=\"en_US\" \/>\n<meta property=\"og:type\" content=\"article\" \/>\n<meta property=\"og:title\" content=\"Jaros Selecci\u00f3n 9 Meses - Vinos Iberian\" \/>\n<meta property=\"og:description\" content=\"Bodega Vi\u00f1as del Jaro   Variedades 100% Tempranillo   Alcohol 14,0% vol.   Crianza 9 meses en barricas de roble franc\u00e9s y americano de 300 L   Fermentaci\u00f3n y Maceraci\u00f3n 20 d\u00edas en encubado con fermentaci\u00f3n alcoh\u00f3lica y malol\u00e1ctica en acero inoxidable   Al\u00e9rgenos Contiene sulfitos   Volumen en ml 750 ml\" \/>\n<meta property=\"og:url\" content=\"https:\/\/www.vinosiberian.com\/en\/producto\/jaros-seleccion-9-meses\/\" \/>\n<meta property=\"og:site_name\" content=\"Vinos Iberian\" \/>\n<meta property=\"article:modified_time\" content=\"2026-04-15T14:28:29+00:00\" \/>\n<meta property=\"og:image\" content=\"https:\/\/www.vinosiberian.com\/wp-content\/uploads\/2024\/11\/JAROS-9-2023.png\" \/>\n\t<meta property=\"og:image:width\" content=\"1200\" \/>\n\t<meta property=\"og:image:height\" content=\"1200\" \/>\n\t<meta property=\"og:image:type\" content=\"image\/png\" \/>\n<meta name=\"twitter:card\" content=\"summary_large_image\" \/>\n<meta name=\"twitter:label1\" content=\"Est. reading time\" \/>\n\t<meta name=\"twitter:data1\" content=\"1 minute\" \/>\n<script type=\"application\/ld+json\" class=\"yoast-schema-graph\">{\"@context\":\"https:\\\/\\\/schema.org\",\"@graph\":[{\"@type\":\"WebPage\",\"@id\":\"https:\\\/\\\/www.vinosiberian.com\\\/en\\\/producto\\\/jaros-seleccion-9-meses\\\/\",\"url\":\"https:\\\/\\\/www.vinosiberian.com\\\/en\\\/producto\\\/jaros-seleccion-9-meses\\\/\",\"name\":\"Jaros Selecci\u00f3n 9 Meses - Vinos Iberian\",\"isPartOf\":{\"@id\":\"https:\\\/\\\/www.vinosiberian.com\\\/en\\\/#website\"},\"primaryImageOfPage\":{\"@id\":\"https:\\\/\\\/www.vinosiberian.com\\\/en\\\/producto\\\/jaros-seleccion-9-meses\\\/#primaryimage\"},\"image\":{\"@id\":\"https:\\\/\\\/www.vinosiberian.com\\\/en\\\/producto\\\/jaros-seleccion-9-meses\\\/#primaryimage\"},\"thumbnailUrl\":\"https:\\\/\\\/www.vinosiberian.com\\\/wp-content\\\/uploads\\\/2024\\\/11\\\/JAROS-9-2023.png\",\"datePublished\":\"2024-11-04T16:43:29+00:00\",\"dateModified\":\"2026-04-15T14:28:29+00:00\",\"breadcrumb\":{\"@id\":\"https:\\\/\\\/www.vinosiberian.com\\\/en\\\/producto\\\/jaros-seleccion-9-meses\\\/#breadcrumb\"},\"inLanguage\":\"en-US\",\"potentialAction\":[{\"@type\":\"ReadAction\",\"target\":[\"https:\\\/\\\/www.vinosiberian.com\\\/en\\\/producto\\\/jaros-seleccion-9-meses\\\/\"]}]},{\"@type\":\"ImageObject\",\"inLanguage\":\"en-US\",\"@id\":\"https:\\\/\\\/www.vinosiberian.com\\\/en\\\/producto\\\/jaros-seleccion-9-meses\\\/#primaryimage\",\"url\":\"https:\\\/\\\/www.vinosiberian.com\\\/wp-content\\\/uploads\\\/2024\\\/11\\\/JAROS-9-2023.png\",\"contentUrl\":\"https:\\\/\\\/www.vinosiberian.com\\\/wp-content\\\/uploads\\\/2024\\\/11\\\/JAROS-9-2023.png\",\"width\":1200,\"height\":1200},{\"@type\":\"BreadcrumbList\",\"@id\":\"https:\\\/\\\/www.vinosiberian.com\\\/en\\\/producto\\\/jaros-seleccion-9-meses\\\/#breadcrumb\",\"itemListElement\":[{\"@type\":\"ListItem\",\"position\":1,\"name\":\"Inicio\",\"item\":\"https:\\\/\\\/www.vinosiberian.com\\\/en\\\/\"},{\"@type\":\"ListItem\",\"position\":2,\"name\":\"Store\",\"item\":\"https:\\\/\\\/www.vinosiberian.com\\\/en\\\/shop\\\/\"},{\"@type\":\"ListItem\",\"position\":3,\"name\":\"Ribera del Duero\",\"item\":\"https:\\\/\\\/www.vinosiberian.com\\\/en\\\/categoria-producto\\\/ribera-del-duero-en\\\/\"},{\"@type\":\"ListItem\",\"position\":4,\"name\":\"Jaros Selecci\u00f3n 9 Meses\"}]},{\"@type\":\"WebSite\",\"@id\":\"https:\\\/\\\/www.vinosiberian.com\\\/en\\\/#website\",\"url\":\"https:\\\/\\\/www.vinosiberian.com\\\/en\\\/\",\"name\":\"Vinos Iberian\",\"description\":\"Tienda de vinos de la Compa\u00f1\u00eda de Vi\u00f1edos Iberian\",\"publisher\":{\"@id\":\"https:\\\/\\\/www.vinosiberian.com\\\/en\\\/#organization\"},\"potentialAction\":[{\"@type\":\"SearchAction\",\"target\":{\"@type\":\"EntryPoint\",\"urlTemplate\":\"https:\\\/\\\/www.vinosiberian.com\\\/en\\\/?s={search_term_string}\"},\"query-input\":{\"@type\":\"PropertyValueSpecification\",\"valueRequired\":true,\"valueName\":\"search_term_string\"}}],\"inLanguage\":\"en-US\"},{\"@type\":\"Organization\",\"@id\":\"https:\\\/\\\/www.vinosiberian.com\\\/en\\\/#organization\",\"name\":\"Vinos Iberian\",\"url\":\"https:\\\/\\\/www.vinosiberian.com\\\/en\\\/\",\"logo\":{\"@type\":\"ImageObject\",\"inLanguage\":\"en-US\",\"@id\":\"https:\\\/\\\/www.vinosiberian.com\\\/en\\\/#\\\/schema\\\/logo\\\/image\\\/\",\"url\":\"https:\\\/\\\/www.vinosiberian.com\\\/wp-content\\\/uploads\\\/2022\\\/10\\\/Horiz-IBERIAN.svg\",\"contentUrl\":\"https:\\\/\\\/www.vinosiberian.com\\\/wp-content\\\/uploads\\\/2022\\\/10\\\/Horiz-IBERIAN.svg\",\"width\":690,\"height\":208,\"caption\":\"Vinos Iberian\"},\"image\":{\"@id\":\"https:\\\/\\\/www.vinosiberian.com\\\/en\\\/#\\\/schema\\\/logo\\\/image\\\/\"}}]}<\/script>\n<!-- \/ Yoast SEO plugin. -->","yoast_head_json":{"title":"Jaros Selecci\u00f3n 9 Meses - Vinos Iberian","robots":{"index":"index","follow":"follow","max-snippet":"max-snippet:-1","max-image-preview":"max-image-preview:large","max-video-preview":"max-video-preview:-1"},"canonical":"https:\/\/www.vinosiberian.com\/en\/producto\/jaros-seleccion-9-meses\/","og_locale":"en_US","og_type":"article","og_title":"Jaros Selecci\u00f3n 9 Meses - Vinos Iberian","og_description":"Bodega Vi\u00f1as del Jaro   Variedades 100% Tempranillo   Alcohol 14,0% vol.   Crianza 9 meses en barricas de roble franc\u00e9s y americano de 300 L   Fermentaci\u00f3n y Maceraci\u00f3n 20 d\u00edas en encubado con fermentaci\u00f3n alcoh\u00f3lica y malol\u00e1ctica en acero inoxidable   Al\u00e9rgenos Contiene sulfitos   Volumen en ml 750 ml","og_url":"https:\/\/www.vinosiberian.com\/en\/producto\/jaros-seleccion-9-meses\/","og_site_name":"Vinos Iberian","article_modified_time":"2026-04-15T14:28:29+00:00","og_image":[{"width":1200,"height":1200,"url":"https:\/\/www.vinosiberian.com\/wp-content\/uploads\/2024\/11\/JAROS-9-2023.png","type":"image\/png"}],"twitter_card":"summary_large_image","twitter_misc":{"Est. reading time":"1 minute"},"schema":{"@context":"https:\/\/schema.org","@graph":[{"@type":"WebPage","@id":"https:\/\/www.vinosiberian.com\/en\/producto\/jaros-seleccion-9-meses\/","url":"https:\/\/www.vinosiberian.com\/en\/producto\/jaros-seleccion-9-meses\/","name":"Jaros Selecci\u00f3n 9 Meses - Vinos Iberian","isPartOf":{"@id":"https:\/\/www.vinosiberian.com\/en\/#website"},"primaryImageOfPage":{"@id":"https:\/\/www.vinosiberian.com\/en\/producto\/jaros-seleccion-9-meses\/#primaryimage"},"image":{"@id":"https:\/\/www.vinosiberian.com\/en\/producto\/jaros-seleccion-9-meses\/#primaryimage"},"thumbnailUrl":"https:\/\/www.vinosiberian.com\/wp-content\/uploads\/2024\/11\/JAROS-9-2023.png","datePublished":"2024-11-04T16:43:29+00:00","dateModified":"2026-04-15T14:28:29+00:00","breadcrumb":{"@id":"https:\/\/www.vinosiberian.com\/en\/producto\/jaros-seleccion-9-meses\/#breadcrumb"},"inLanguage":"en-US","potentialAction":[{"@type":"ReadAction","target":["https:\/\/www.vinosiberian.com\/en\/producto\/jaros-seleccion-9-meses\/"]}]},{"@type":"ImageObject","inLanguage":"en-US","@id":"https:\/\/www.vinosiberian.com\/en\/producto\/jaros-seleccion-9-meses\/#primaryimage","url":"https:\/\/www.vinosiberian.com\/wp-content\/uploads\/2024\/11\/JAROS-9-2023.png","contentUrl":"https:\/\/www.vinosiberian.com\/wp-content\/uploads\/2024\/11\/JAROS-9-2023.png","width":1200,"height":1200},{"@type":"BreadcrumbList","@id":"https:\/\/www.vinosiberian.com\/en\/producto\/jaros-seleccion-9-meses\/#breadcrumb","itemListElement":[{"@type":"ListItem","position":1,"name":"Inicio","item":"https:\/\/www.vinosiberian.com\/en\/"},{"@type":"ListItem","position":2,"name":"Store","item":"https:\/\/www.vinosiberian.com\/en\/shop\/"},{"@type":"ListItem","position":3,"name":"Ribera del Duero","item":"https:\/\/www.vinosiberian.com\/en\/categoria-producto\/ribera-del-duero-en\/"},{"@type":"ListItem","position":4,"name":"Jaros Selecci\u00f3n 9 Meses"}]},{"@type":"WebSite","@id":"https:\/\/www.vinosiberian.com\/en\/#website","url":"https:\/\/www.vinosiberian.com\/en\/","name":"Vinos Iberian","description":"Tienda de vinos de la Compa\u00f1\u00eda de Vi\u00f1edos Iberian","publisher":{"@id":"https:\/\/www.vinosiberian.com\/en\/#organization"},"potentialAction":[{"@type":"SearchAction","target":{"@type":"EntryPoint","urlTemplate":"https:\/\/www.vinosiberian.com\/en\/?s={search_term_string}"},"query-input":{"@type":"PropertyValueSpecification","valueRequired":true,"valueName":"search_term_string"}}],"inLanguage":"en-US"},{"@type":"Organization","@id":"https:\/\/www.vinosiberian.com\/en\/#organization","name":"Vinos Iberian","url":"https:\/\/www.vinosiberian.com\/en\/","logo":{"@type":"ImageObject","inLanguage":"en-US","@id":"https:\/\/www.vinosiberian.com\/en\/#\/schema\/logo\/image\/","url":"https:\/\/www.vinosiberian.com\/wp-content\/uploads\/2022\/10\/Horiz-IBERIAN.svg","contentUrl":"https:\/\/www.vinosiberian.com\/wp-content\/uploads\/2022\/10\/Horiz-IBERIAN.svg","width":690,"height":208,"caption":"Vinos Iberian"},"image":{"@id":"https:\/\/www.vinosiberian.com\/en\/#\/schema\/logo\/image\/"}}]}},"_links":{"self":[{"href":"https:\/\/www.vinosiberian.com\/en\/wp-json\/wp\/v2\/product\/7842","targetHints":{"allow":["GET"]}}],"collection":[{"href":"https:\/\/www.vinosiberian.com\/en\/wp-json\/wp\/v2\/product"}],"about":[{"href":"https:\/\/www.vinosiberian.com\/en\/wp-json\/wp\/v2\/types\/product"}],"version-history":[{"count":10,"href":"https:\/\/www.vinosiberian.com\/en\/wp-json\/wp\/v2\/product\/7842\/revisions"}],"predecessor-version":[{"id":9890,"href":"https:\/\/www.vinosiberian.com\/en\/wp-json\/wp\/v2\/product\/7842\/revisions\/9890"}],"wp:featuredmedia":[{"embeddable":true,"href":"https:\/\/www.vinosiberian.com\/en\/wp-json\/wp\/v2\/media\/7843"}],"wp:attachment":[{"href":"https:\/\/www.vinosiberian.com\/en\/wp-json\/wp\/v2\/media?parent=7842"}],"wp:term":[{"taxonomy":"product_brand","embeddable":true,"href":"https:\/\/www.vinosiberian.com\/en\/wp-json\/wp\/v2\/product_brand?post=7842"},{"taxonomy":"product_cat","embeddable":true,"href":"https:\/\/www.vinosiberian.com\/en\/wp-json\/wp\/v2\/product_cat?post=7842"},{"taxonomy":"product_tag","embeddable":true,"href":"https:\/\/www.vinosiberian.com\/en\/wp-json\/wp\/v2\/product_tag?post=7842"}],"curies":[{"name":"wp","href":"https:\/\/api.w.org\/{rel}","templated":true}]}}